{"id":15790,"date":"2024-03-20T14:11:55","date_gmt":"2024-03-20T12:11:55","guid":{"rendered":"https:\/\/thebestantique.com\/?post_type=product&#038;p=15790"},"modified":"2025-07-19T10:45:53","modified_gmt":"2025-07-19T08:45:53","slug":"miniature-set-of-playng-cards-in-a-silver-box","status":"publish","type":"product","link":"https:\/\/thebestantique.com\/et\/product\/miniature-set-of-playng-cards-in-a-silver-box\/","title":{"rendered":"Miniatuurne m\u00e4ngukaartide komplekt vutlaris"},"content":{"rendered":"<p>Miniatuurne m\u00e4ngukaartide komplekt h\u00f5bedas vutlaris. T\u00e4is komplekt m\u00e4ngukaarte. Heas seisukorras. Inglismaa, h\u00f5beda proov. Graveeringuga.<\/p>\n<blockquote><p>H\u00f5beda kaal: 29.1 g.<br \/>\nM\u00f5\u00f5dud: 5 x 3.5 x 1.7 cm.<\/p><\/blockquote>\n<p><\/p>","protected":false},"excerpt":{"rendered":"<p class=\"qtranxs-available-languages-message qtranxs-available-languages-message-et\">Vabandame, see kanne on saadaval ainult %LANG : ja %.<\/p>\n","protected":false},"featured_media":15886,"comment_status":"closed","ping_status":"closed","template":"","meta":{"_exactmetrics_skip_tracking":false,"_exactmetrics_sitenote_active":false,"_exactmetrics_sitenote_note":"","_exactmetrics_sitenote_category":0,"_uf_show_specific_survey":0,"_uf_disable_surveys":false},"product_brand":[],"product_cat":[421],"product_tag":[1947,1949,1996,1946,1948],"class_list":{"0":"post-15790","1":"product","2":"type-product","3":"status-publish","4":"has-post-thumbnail","6":"product_cat-sold-items","7":"product_tag-miniature-set-of-playng-cards-in-a-silver-box","8":"product_tag-miniatuurne-mangukaartide-komplekt-hobedas-vutlaris","9":"product_tag-playing-cards","10":"product_tag-1946","11":"product_tag-1948","12":"product_shipping_class-small-item-0-500-g","14":"first","15":"outofstock","16":"shipping-taxable","17":"product-type-simple"},"aioseo_notices":[],"_links":{"self":[{"href":"https:\/\/thebestantique.com\/et\/wp-json\/wp\/v2\/product\/15790","targetHints":{"allow":["GET"]}}],"collection":[{"href":"https:\/\/thebestantique.com\/et\/wp-json\/wp\/v2\/product"}],"about":[{"href":"https:\/\/thebestantique.com\/et\/wp-json\/wp\/v2\/types\/product"}],"replies":[{"embeddable":true,"href":"https:\/\/thebestantique.com\/et\/wp-json\/wp\/v2\/comments?post=15790"}],"wp:featuredmedia":[{"embeddable":true,"href":"https:\/\/thebestantique.com\/et\/wp-json\/wp\/v2\/media\/15886"}],"wp:attachment":[{"href":"https:\/\/thebestantique.com\/et\/wp-json\/wp\/v2\/media?parent=15790"}],"wp:term":[{"taxonomy":"product_brand","embeddable":true,"href":"https:\/\/thebestantique.com\/et\/wp-json\/wp\/v2\/product_brand?post=15790"},{"taxonomy":"product_cat","embeddable":true,"href":"https:\/\/thebestantique.com\/et\/wp-json\/wp\/v2\/product_cat?post=15790"},{"taxonomy":"product_tag","embeddable":true,"href":"https:\/\/thebestantique.com\/et\/wp-json\/wp\/v2\/product_tag?post=15790"}],"curies":[{"name":"wp","href":"https:\/\/api.w.org\/{rel}","templated":true}]}}