{"id":15787,"date":"2024-03-20T13:57:54","date_gmt":"2024-03-20T11:57:54","guid":{"rendered":"https:\/\/thebestantique.com\/?post_type=product&#038;p=15787"},"modified":"2024-03-20T13:57:54","modified_gmt":"2024-03-20T11:57:54","slug":"a-small-silver-spoon","status":"publish","type":"product","link":"https:\/\/thebestantique.com\/et\/product\/a-small-silver-spoon\/","title":{"rendered":"H\u00f5be v\u00e4ike lusikas"},"content":{"rendered":"<p>H\u00f5bedast v\u00e4ike lusikas soolatoosi jaoks.<\/p>\n<blockquote><p>Kaal: 7.4 g.<br \/>\nPikkus: 9.3 cm.<\/p><\/blockquote>\n<p><\/p>","protected":false},"excerpt":{"rendered":"<p>H\u00f5be v\u00e4ike lusikas<\/p>\n","protected":false},"featured_media":15788,"comment_status":"closed","ping_status":"closed","template":"","meta":{"_exactmetrics_skip_tracking":false,"_exactmetrics_sitenote_active":false,"_exactmetrics_sitenote_note":"","_exactmetrics_sitenote_category":0,"_uf_show_specific_survey":0,"_uf_disable_surveys":false},"product_brand":[],"product_cat":[221,6],"product_tag":[1942,1941,1945,1944,1943],"class_list":{"0":"post-15787","1":"product","2":"type-product","3":"status-publish","4":"has-post-thumbnail","6":"product_cat-flatware-and-serving-pieces","7":"product_cat-silver","8":"product_tag-a-small-silver-spoon","9":"product_tag-hobe-vaike-lusikas","10":"product_tag-vaike-hobelusikas","11":"product_tag-1944","12":"product_tag-1943","13":"product_shipping_class-small-item-0-500-g","15":"first","16":"instock","17":"shipping-taxable","18":"purchasable","19":"product-type-simple"},"aioseo_notices":[],"_links":{"self":[{"href":"https:\/\/thebestantique.com\/et\/wp-json\/wp\/v2\/product\/15787","targetHints":{"allow":["GET"]}}],"collection":[{"href":"https:\/\/thebestantique.com\/et\/wp-json\/wp\/v2\/product"}],"about":[{"href":"https:\/\/thebestantique.com\/et\/wp-json\/wp\/v2\/types\/product"}],"replies":[{"embeddable":true,"href":"https:\/\/thebestantique.com\/et\/wp-json\/wp\/v2\/comments?post=15787"}],"wp:featuredmedia":[{"embeddable":true,"href":"https:\/\/thebestantique.com\/et\/wp-json\/wp\/v2\/media\/15788"}],"wp:attachment":[{"href":"https:\/\/thebestantique.com\/et\/wp-json\/wp\/v2\/media?parent=15787"}],"wp:term":[{"taxonomy":"product_brand","embeddable":true,"href":"https:\/\/thebestantique.com\/et\/wp-json\/wp\/v2\/product_brand?post=15787"},{"taxonomy":"product_cat","embeddable":true,"href":"https:\/\/thebestantique.com\/et\/wp-json\/wp\/v2\/product_cat?post=15787"},{"taxonomy":"product_tag","embeddable":true,"href":"https:\/\/thebestantique.com\/et\/wp-json\/wp\/v2\/product_tag?post=15787"}],"curies":[{"name":"wp","href":"https:\/\/api.w.org\/{rel}","templated":true}]}}