{"id":15780,"date":"2024-03-20T13:45:07","date_gmt":"2024-03-20T11:45:07","guid":{"rendered":"https:\/\/thebestantique.com\/?post_type=product&#038;p=15780"},"modified":"2024-07-18T14:21:29","modified_gmt":"2024-07-18T12:21:29","slug":"%d1%80%d1%83%d1%81%d1%81%d0%ba%d0%b8%d0%b9-%d1%81%d0%b5%d1%80%d0%b2%d0%b5%d1%80%d0%be%d0%b2%d0%be%d1%87%d0%bd%d0%b0%d1%8f-%d0%bb%d0%be%d0%bf%d0%b0%d1%82%d0%ba%d0%b0-%d0%b4%d0%bb%d1%8f-%d1%82%d0%be","status":"publish","type":"product","link":"https:\/\/thebestantique.com\/et\/product\/%d1%80%d1%83%d1%81%d1%81%d0%ba%d0%b8%d0%b9-%d1%81%d0%b5%d1%80%d0%b2%d0%b5%d1%80%d0%be%d0%b2%d0%be%d1%87%d0%bd%d0%b0%d1%8f-%d0%bb%d0%be%d0%bf%d0%b0%d1%82%d0%ba%d0%b0-%d0%b4%d0%bb%d1%8f-%d1%82%d0%be\/","title":{"rendered":"Tordilabidas h\u00f5be k\u00e4epidemega"},"content":{"rendered":"<p>Tordilabidas h\u00f5be k\u00e4epidemega koogi v\u00f5i piruka serveerimiseks originaal karbis. H\u00f5bed proov: Minerva. Louis XVI stiilis.<\/p>\n<p>Pikkus: 27,6 cm.<br \/>\nKaal: 145 grammi.<\/p>","protected":false},"excerpt":{"rendered":"<p>Tordilabidas h\u00f5be k\u00e4epidemega Louis XVI stiilis<\/p>\n","protected":false},"featured_media":15785,"comment_status":"closed","ping_status":"closed","template":"","meta":{"_exactmetrics_skip_tracking":false,"_exactmetrics_sitenote_active":false,"_exactmetrics_sitenote_note":"","_exactmetrics_sitenote_category":0,"_uf_show_specific_survey":0,"_uf_disable_surveys":false},"product_brand":[],"product_cat":[421],"product_tag":[1938,1940,1937,1939],"class_list":{"0":"post-15780","1":"product","2":"type-product","3":"status-publish","4":"has-post-thumbnail","6":"product_cat-sold-items","7":"product_tag-cake-or-pie-serving-piece-with-silver-handle","8":"product_tag-tordilabidas-hobe-kaepidemega-louis-xvi-stiilis","9":"product_tag-1937","10":"product_tag-1939","11":"product_shipping_class-small-item-0-500-g","13":"first","14":"outofstock","15":"shipping-taxable","16":"product-type-simple"},"aioseo_notices":[],"_links":{"self":[{"href":"https:\/\/thebestantique.com\/et\/wp-json\/wp\/v2\/product\/15780","targetHints":{"allow":["GET"]}}],"collection":[{"href":"https:\/\/thebestantique.com\/et\/wp-json\/wp\/v2\/product"}],"about":[{"href":"https:\/\/thebestantique.com\/et\/wp-json\/wp\/v2\/types\/product"}],"replies":[{"embeddable":true,"href":"https:\/\/thebestantique.com\/et\/wp-json\/wp\/v2\/comments?post=15780"}],"wp:featuredmedia":[{"embeddable":true,"href":"https:\/\/thebestantique.com\/et\/wp-json\/wp\/v2\/media\/15785"}],"wp:attachment":[{"href":"https:\/\/thebestantique.com\/et\/wp-json\/wp\/v2\/media?parent=15780"}],"wp:term":[{"taxonomy":"product_brand","embeddable":true,"href":"https:\/\/thebestantique.com\/et\/wp-json\/wp\/v2\/product_brand?post=15780"},{"taxonomy":"product_cat","embeddable":true,"href":"https:\/\/thebestantique.com\/et\/wp-json\/wp\/v2\/product_cat?post=15780"},{"taxonomy":"product_tag","embeddable":true,"href":"https:\/\/thebestantique.com\/et\/wp-json\/wp\/v2\/product_tag?post=15780"}],"curies":[{"name":"wp","href":"https:\/\/api.w.org\/{rel}","templated":true}]}}