{"id":15769,"date":"2024-03-20T10:51:20","date_gmt":"2024-03-20T08:51:20","guid":{"rendered":"https:\/\/thebestantique.com\/?post_type=product&#038;p=15769"},"modified":"2024-03-20T20:25:24","modified_gmt":"2024-03-20T18:25:24","slug":"%d1%80%d1%83%d1%81%d1%81%d0%ba%d0%b8%d0%b9-%d1%81%d0%b5%d1%80%d0%b5%d0%b1%d1%80%d1%8f%d0%bd%d1%8b%d0%b5-%d1%89%d0%b8%d0%bf%d1%86%d1%8b-%d0%b4%d0%bb%d1%8f-%d1%81%d0%b0%d1%85%d0%b0%d1%80%d0%b0-%d0%b2","status":"publish","type":"product","link":"https:\/\/thebestantique.com\/et\/product\/%d1%80%d1%83%d1%81%d1%81%d0%ba%d0%b8%d0%b9-%d1%81%d0%b5%d1%80%d0%b5%d0%b1%d1%80%d1%8f%d0%bd%d1%8b%d0%b5-%d1%89%d0%b8%d0%bf%d1%86%d1%8b-%d0%b4%d0%bb%d1%8f-%d1%81%d0%b0%d1%85%d0%b0%d1%80%d0%b0-%d0%b2\/","title":{"rendered":"Art Deco h\u00f5be suhkrutangid"},"content":{"rendered":"<p>Prantsusmaa Art Deco stiilis h\u00f5be suhkrutangid, h\u00f5beda proov Minerva, 1930.a.<br \/>\nMeister:\u00a0 Saglier Fr\u00e8res.<\/p>\n<blockquote><p>Kaal: 32g.<br \/>\nPikkus: 12.5 cm.<\/p><\/blockquote>\n<p><\/p>","protected":false},"excerpt":{"rendered":"<p>Art Deco h\u00f5be suhkrutangid<\/p>\n","protected":false},"featured_media":15800,"comment_status":"closed","ping_status":"closed","template":"","meta":{"_exactmetrics_skip_tracking":false,"_exactmetrics_sitenote_active":false,"_exactmetrics_sitenote_note":"","_exactmetrics_sitenote_category":0,"_uf_show_specific_survey":0,"_uf_disable_surveys":false},"product_brand":[],"product_cat":[221,6],"product_tag":[1876,1879,1874,1878,1881,1877,1880,1873,1875],"class_list":{"0":"post-15769","1":"product","2":"type-product","3":"status-publish","4":"has-post-thumbnail","6":"product_cat-flatware-and-serving-pieces","7":"product_cat-silver","8":"product_tag-art-deco-hobe-suhkrutangid","9":"product_tag-emadepaev","10":"product_tag-french-art-deco-silver-sugar-tongs","11":"product_tag-kingitus-emale","12":"product_tag-puha","13":"product_tag-saglier-freres","14":"product_tag-ulestousmispuha","15":"product_tag-1873","16":"product_tag-1875","17":"product_shipping_class-small-item-0-500-g","19":"first","20":"instock","21":"shipping-taxable","22":"purchasable","23":"product-type-simple"},"aioseo_notices":[],"_links":{"self":[{"href":"https:\/\/thebestantique.com\/et\/wp-json\/wp\/v2\/product\/15769","targetHints":{"allow":["GET"]}}],"collection":[{"href":"https:\/\/thebestantique.com\/et\/wp-json\/wp\/v2\/product"}],"about":[{"href":"https:\/\/thebestantique.com\/et\/wp-json\/wp\/v2\/types\/product"}],"replies":[{"embeddable":true,"href":"https:\/\/thebestantique.com\/et\/wp-json\/wp\/v2\/comments?post=15769"}],"wp:featuredmedia":[{"embeddable":true,"href":"https:\/\/thebestantique.com\/et\/wp-json\/wp\/v2\/media\/15800"}],"wp:attachment":[{"href":"https:\/\/thebestantique.com\/et\/wp-json\/wp\/v2\/media?parent=15769"}],"wp:term":[{"taxonomy":"product_brand","embeddable":true,"href":"https:\/\/thebestantique.com\/et\/wp-json\/wp\/v2\/product_brand?post=15769"},{"taxonomy":"product_cat","embeddable":true,"href":"https:\/\/thebestantique.com\/et\/wp-json\/wp\/v2\/product_cat?post=15769"},{"taxonomy":"product_tag","embeddable":true,"href":"https:\/\/thebestantique.com\/et\/wp-json\/wp\/v2\/product_tag?post=15769"}],"curies":[{"name":"wp","href":"https:\/\/api.w.org\/{rel}","templated":true}]}}