{"id":15768,"date":"2024-03-20T10:20:38","date_gmt":"2024-03-20T08:20:38","guid":{"rendered":"https:\/\/thebestantique.com\/?post_type=product&#038;p=15768"},"modified":"2024-03-20T20:22:27","modified_gmt":"2024-03-20T18:22:27","slug":"%d1%80%d1%83%d1%81%d1%81%d0%ba%d0%b8%d0%b9-%d1%81%d0%b5%d1%80%d0%b5%d0%b1%d1%80%d1%8f%d0%bd%d0%b0%d1%8f-%d1%81%d0%b5%d1%80%d0%b2%d0%b8%d1%80%d0%be%d0%b2%d0%be%d1%87%d0%bd%d0%b0%d1%8f-%d0%bb%d0%be","status":"publish","type":"product","link":"https:\/\/thebestantique.com\/et\/product\/%d1%80%d1%83%d1%81%d1%81%d0%ba%d0%b8%d0%b9-%d1%81%d0%b5%d1%80%d0%b5%d0%b1%d1%80%d1%8f%d0%bd%d0%b0%d1%8f-%d1%81%d0%b5%d1%80%d0%b2%d0%b8%d1%80%d0%be%d0%b2%d0%be%d1%87%d0%bd%d0%b0%d1%8f-%d0%bb%d0%be\/","title":{"rendered":"H\u00f5bedast serveerimislusikas"},"content":{"rendered":"<p>H\u00f5bedast serveerimislusikas. Sobib kaste serveemimiseks,kaunistatud mustritega.Prantsusmaa, 19. sajandi l\u00f5pp, h\u00f5beda proov&#8221;Minerva&#8221;.<\/p>\n<blockquote><p>Pikkus: 20,5 cm.<br \/>\nKaal: 51 g.<\/p><\/blockquote>\n<p><\/p>","protected":false},"excerpt":{"rendered":"<p>H\u00f5bedast serveerimislusikas<\/p>\n","protected":false},"featured_media":15797,"comment_status":"closed","ping_status":"closed","template":"","meta":{"_exactmetrics_skip_tracking":false,"_exactmetrics_sitenote_active":false,"_exactmetrics_sitenote_note":"","_exactmetrics_sitenote_category":0,"_uf_show_specific_survey":0,"_uf_disable_surveys":false},"product_brand":[],"product_cat":[221,6],"product_tag":[1871,1872,1868,1870,1867,1869,1865,1866],"class_list":{"0":"post-15768","1":"product","2":"type-product","3":"status-publish","4":"has-post-thumbnail","6":"product_cat-flatware-and-serving-pieces","7":"product_cat-silver","8":"product_tag-19-sajandi-lopp","9":"product_tag-hobeda-proovminerva","10":"product_tag-hobedast-serveerimislusikas","11":"product_tag-kaunistatud-mustritega-prantsusmaa","12":"product_tag-silver-serving-spoon-for-sauces","13":"product_tag-sobib-kaste-serveemimiseks","14":"product_tag-1865","15":"product_tag-1866","16":"product_shipping_class-small-item-0-500-g","18":"first","19":"instock","20":"shipping-taxable","21":"purchasable","22":"product-type-simple"},"aioseo_notices":[],"_links":{"self":[{"href":"https:\/\/thebestantique.com\/et\/wp-json\/wp\/v2\/product\/15768","targetHints":{"allow":["GET"]}}],"collection":[{"href":"https:\/\/thebestantique.com\/et\/wp-json\/wp\/v2\/product"}],"about":[{"href":"https:\/\/thebestantique.com\/et\/wp-json\/wp\/v2\/types\/product"}],"replies":[{"embeddable":true,"href":"https:\/\/thebestantique.com\/et\/wp-json\/wp\/v2\/comments?post=15768"}],"wp:featuredmedia":[{"embeddable":true,"href":"https:\/\/thebestantique.com\/et\/wp-json\/wp\/v2\/media\/15797"}],"wp:attachment":[{"href":"https:\/\/thebestantique.com\/et\/wp-json\/wp\/v2\/media?parent=15768"}],"wp:term":[{"taxonomy":"product_brand","embeddable":true,"href":"https:\/\/thebestantique.com\/et\/wp-json\/wp\/v2\/product_brand?post=15768"},{"taxonomy":"product_cat","embeddable":true,"href":"https:\/\/thebestantique.com\/et\/wp-json\/wp\/v2\/product_cat?post=15768"},{"taxonomy":"product_tag","embeddable":true,"href":"https:\/\/thebestantique.com\/et\/wp-json\/wp\/v2\/product_tag?post=15768"}],"curies":[{"name":"wp","href":"https:\/\/api.w.org\/{rel}","templated":true}]}}