{"id":15761,"date":"2024-03-08T18:31:41","date_gmt":"2024-03-08T16:31:41","guid":{"rendered":"https:\/\/thebestantique.com\/?post_type=product&#038;p=15761"},"modified":"2026-01-20T11:13:05","modified_gmt":"2026-01-20T09:13:05","slug":"eesti-vanaaegne-sunteetilise-safiiriga-ja-teemantidega-kuldsormus","status":"publish","type":"product","link":"https:\/\/thebestantique.com\/et\/product\/eesti-vanaaegne-sunteetilise-safiiriga-ja-teemantidega-kuldsormus\/","title":{"rendered":"Vanaaegne s\u00fcnteetilise safiiriga ja teemantidega kulds\u00f5rmus"},"content":{"rendered":"<p>Vanaaegne s\u00fcnteetilise safiiriga ja teemantidega kulds\u00f5rmus. Kuld 750 proov. V\u00e4ike suurus.<\/p>\n<blockquote><p>Diameeter: 48.5mm.<br \/>\nSuurus~15-15,5.<br \/>\nKaal: 3.8 g.<\/p><\/blockquote>\n<p><\/p>","protected":false},"excerpt":{"rendered":"<p>Vanaaegne s\u00fcnteetilise safiiriga ja teemantidega kulds\u00f5rmus.<\/p>\n","protected":false},"featured_media":15715,"comment_status":"closed","ping_status":"closed","template":"","meta":{"_exactmetrics_skip_tracking":false,"_exactmetrics_sitenote_active":false,"_exactmetrics_sitenote_note":"","_exactmetrics_sitenote_category":0,"_uf_show_specific_survey":0,"_uf_disable_surveys":false},"product_brand":[],"product_cat":[421],"product_tag":[1857,1854,1855,1856],"class_list":{"0":"post-15761","1":"product","2":"type-product","3":"status-publish","4":"has-post-thumbnail","6":"product_cat-sold-items","7":"product_tag-gold-ring-with-synthetic-sapphire-and-diamonds","8":"product_tag-vanaaegne-sunteetilise-safiiriga-ja-teemantidega-kuldsormus-kuld-750-proov-vaike-suurus","9":"product_tag-1855","10":"product_tag-1856","11":"product_shipping_class-free-shipping","13":"first","14":"outofstock","15":"shipping-taxable","16":"product-type-simple"},"aioseo_notices":[],"_links":{"self":[{"href":"https:\/\/thebestantique.com\/et\/wp-json\/wp\/v2\/product\/15761","targetHints":{"allow":["GET"]}}],"collection":[{"href":"https:\/\/thebestantique.com\/et\/wp-json\/wp\/v2\/product"}],"about":[{"href":"https:\/\/thebestantique.com\/et\/wp-json\/wp\/v2\/types\/product"}],"replies":[{"embeddable":true,"href":"https:\/\/thebestantique.com\/et\/wp-json\/wp\/v2\/comments?post=15761"}],"wp:featuredmedia":[{"embeddable":true,"href":"https:\/\/thebestantique.com\/et\/wp-json\/wp\/v2\/media\/15715"}],"wp:attachment":[{"href":"https:\/\/thebestantique.com\/et\/wp-json\/wp\/v2\/media?parent=15761"}],"wp:term":[{"taxonomy":"product_brand","embeddable":true,"href":"https:\/\/thebestantique.com\/et\/wp-json\/wp\/v2\/product_brand?post=15761"},{"taxonomy":"product_cat","embeddable":true,"href":"https:\/\/thebestantique.com\/et\/wp-json\/wp\/v2\/product_cat?post=15761"},{"taxonomy":"product_tag","embeddable":true,"href":"https:\/\/thebestantique.com\/et\/wp-json\/wp\/v2\/product_tag?post=15761"}],"curies":[{"name":"wp","href":"https:\/\/api.w.org\/{rel}","templated":true}]}}