{"id":15755,"date":"2024-03-07T17:49:56","date_gmt":"2024-03-07T15:49:56","guid":{"rendered":"https:\/\/thebestantique.com\/?post_type=product&#038;p=15755"},"modified":"2024-03-07T17:49:56","modified_gmt":"2024-03-07T15:49:56","slug":"vintage-antique-gold-cameo-pendant","status":"publish","type":"product","link":"https:\/\/thebestantique.com\/et\/product\/vintage-antique-gold-cameo-pendant\/","title":{"rendered":"Vintage vanaaegne kuld cameo\/kamee ripats"},"content":{"rendered":"<p>Vintage vanaaegne kuld cameo\/kamee ripats.<\/p>\n<blockquote><p>Kaal: 2,7 g.<br \/>\nM\u00f6\u00f6dud: 3,3\u00d71,9 cm.<\/p><\/blockquote>\n<p><\/p>","protected":false},"excerpt":{"rendered":"<h1 tabindex=\"-1\"><span class=\"x193iq5w xeuugli x13faqbe x1vvkbs x1xmvt09 x1lliihq x1s928wv xhkezso x1gmr53x x1cpjm7i x1fgarty x1943h6x x14z4hjw x3x7a5m xngnso2 x1qb5hxa x1xlr1w8 xzsf02u\" dir=\"auto\">Vintage vanaaegne kuld cameo\/kamee ripats<\/span><\/h1>\n<div class=\"x1xmf6yo\">\n<div><\/div>\n<\/div>\n","protected":false},"featured_media":15730,"comment_status":"closed","ping_status":"closed","template":"","meta":{"_exactmetrics_skip_tracking":false,"_exactmetrics_sitenote_active":false,"_exactmetrics_sitenote_note":"","_exactmetrics_sitenote_category":0,"_uf_show_specific_survey":0,"_uf_disable_surveys":false},"product_brand":[],"product_cat":[213],"product_tag":[],"class_list":{"0":"post-15755","1":"product","2":"type-product","3":"status-publish","4":"has-post-thumbnail","6":"product_cat-jewellery","7":"product_shipping_class-small-item-0-500-g","9":"first","10":"instock","11":"shipping-taxable","12":"purchasable","13":"product-type-simple"},"aioseo_notices":[],"_links":{"self":[{"href":"https:\/\/thebestantique.com\/et\/wp-json\/wp\/v2\/product\/15755","targetHints":{"allow":["GET"]}}],"collection":[{"href":"https:\/\/thebestantique.com\/et\/wp-json\/wp\/v2\/product"}],"about":[{"href":"https:\/\/thebestantique.com\/et\/wp-json\/wp\/v2\/types\/product"}],"replies":[{"embeddable":true,"href":"https:\/\/thebestantique.com\/et\/wp-json\/wp\/v2\/comments?post=15755"}],"wp:featuredmedia":[{"embeddable":true,"href":"https:\/\/thebestantique.com\/et\/wp-json\/wp\/v2\/media\/15730"}],"wp:attachment":[{"href":"https:\/\/thebestantique.com\/et\/wp-json\/wp\/v2\/media?parent=15755"}],"wp:term":[{"taxonomy":"product_brand","embeddable":true,"href":"https:\/\/thebestantique.com\/et\/wp-json\/wp\/v2\/product_brand?post=15755"},{"taxonomy":"product_cat","embeddable":true,"href":"https:\/\/thebestantique.com\/et\/wp-json\/wp\/v2\/product_cat?post=15755"},{"taxonomy":"product_tag","embeddable":true,"href":"https:\/\/thebestantique.com\/et\/wp-json\/wp\/v2\/product_tag?post=15755"}],"curies":[{"name":"wp","href":"https:\/\/api.w.org\/{rel}","templated":true}]}}