{"id":15754,"date":"2024-03-07T17:36:14","date_gmt":"2024-03-07T15:36:14","guid":{"rendered":"https:\/\/thebestantique.com\/?post_type=product&#038;p=15754"},"modified":"2024-07-11T15:52:58","modified_gmt":"2024-07-11T13:52:58","slug":"gold-ring-with-3-diamonds","status":"publish","type":"product","link":"https:\/\/thebestantique.com\/et\/product\/gold-ring-with-3-diamonds\/","title":{"rendered":"14 karat temaantidega kulds\u00f5rmus"},"content":{"rendered":"<p>Vanaaegne temaantidega kulds\u00f5rmus. 3 teemanti. V\u00e4ike suurus. Kuld 14 karat(585).<\/p>\n<blockquote><p>Diameeter: 49mm.<br \/>\nSuurus: ~15,5 cm.<br \/>\nKaal: 2,4 g.<\/p><\/blockquote>\n<p><\/p>","protected":false},"excerpt":{"rendered":"<p>14 karat temaantidega kulds\u00f5rmus<\/p>\n","protected":false},"featured_media":15734,"comment_status":"closed","ping_status":"closed","template":"","meta":{"_exactmetrics_skip_tracking":false,"_exactmetrics_sitenote_active":false,"_exactmetrics_sitenote_note":"","_exactmetrics_sitenote_category":0,"_uf_show_specific_survey":0,"_uf_disable_surveys":false},"product_brand":[],"product_cat":[421],"product_tag":[1847],"class_list":{"0":"post-15754","1":"product","2":"type-product","3":"status-publish","4":"has-post-thumbnail","6":"product_cat-sold-items","7":"product_tag-14-karat-temaantidega-kuldsormus","8":"product_shipping_class-small-item-0-500-g","10":"first","11":"outofstock","12":"shipping-taxable","13":"product-type-simple"},"aioseo_notices":[],"_links":{"self":[{"href":"https:\/\/thebestantique.com\/et\/wp-json\/wp\/v2\/product\/15754","targetHints":{"allow":["GET"]}}],"collection":[{"href":"https:\/\/thebestantique.com\/et\/wp-json\/wp\/v2\/product"}],"about":[{"href":"https:\/\/thebestantique.com\/et\/wp-json\/wp\/v2\/types\/product"}],"replies":[{"embeddable":true,"href":"https:\/\/thebestantique.com\/et\/wp-json\/wp\/v2\/comments?post=15754"}],"wp:featuredmedia":[{"embeddable":true,"href":"https:\/\/thebestantique.com\/et\/wp-json\/wp\/v2\/media\/15734"}],"wp:attachment":[{"href":"https:\/\/thebestantique.com\/et\/wp-json\/wp\/v2\/media?parent=15754"}],"wp:term":[{"taxonomy":"product_brand","embeddable":true,"href":"https:\/\/thebestantique.com\/et\/wp-json\/wp\/v2\/product_brand?post=15754"},{"taxonomy":"product_cat","embeddable":true,"href":"https:\/\/thebestantique.com\/et\/wp-json\/wp\/v2\/product_cat?post=15754"},{"taxonomy":"product_tag","embeddable":true,"href":"https:\/\/thebestantique.com\/et\/wp-json\/wp\/v2\/product_tag?post=15754"}],"curies":[{"name":"wp","href":"https:\/\/api.w.org\/{rel}","templated":true}]}}