{"id":15753,"date":"2024-03-07T16:51:10","date_gmt":"2024-03-07T14:51:10","guid":{"rendered":"https:\/\/thebestantique.com\/?post_type=product&#038;p=15753"},"modified":"2026-01-20T11:14:06","modified_gmt":"2026-01-20T09:14:06","slug":"interesting-18-carat-gold-ring-with-colored-stones","status":"publish","type":"product","link":"https:\/\/thebestantique.com\/et\/product\/interesting-18-carat-gold-ring-with-colored-stones\/","title":{"rendered":"18 karat v\u00e4rviliste kividega kulds\u00f5rmus"},"content":{"rendered":"<p>18 karat (750 proov) kulds\u00f5rmus v\u00e4rviliste kividega.<\/p>\n<blockquote><p>Diameeter: (16.7 mm)52 mm.<br \/>\nSuurus~ 17.<br \/>\nKaal: 5,6 g.<\/p><\/blockquote>\n<p><\/p>","protected":false},"excerpt":{"rendered":"<p>18 karat (750 proov) kulds\u00f5rmus v\u00e4rviliste kividega.<\/p>\n","protected":false},"featured_media":15738,"comment_status":"closed","ping_status":"closed","template":"","meta":{"_exactmetrics_skip_tracking":false,"_exactmetrics_sitenote_active":false,"_exactmetrics_sitenote_note":"","_exactmetrics_sitenote_category":0,"_uf_show_specific_survey":0,"_uf_disable_surveys":false},"product_brand":[],"product_cat":[421],"product_tag":[1845,1844,1842,1846,1843],"class_list":{"0":"post-15753","1":"product","2":"type-product","3":"status-publish","4":"has-post-thumbnail","6":"product_cat-sold-items","7":"product_tag-18-karat-varviliste-kividega-kuldsormus","8":"product_tag-interesting-18-carat-750-hallmark-gold-ring-with-colored-stones","9":"product_tag-vanaaegne-18-karat-varviliste-kividega-kuldsormus","10":"product_tag-----18--750-","11":"product_tag--18-750-","12":"product_shipping_class-small-item-0-500-g","14":"first","15":"outofstock","16":"shipping-taxable","17":"product-type-simple"},"aioseo_notices":[],"_links":{"self":[{"href":"https:\/\/thebestantique.com\/et\/wp-json\/wp\/v2\/product\/15753","targetHints":{"allow":["GET"]}}],"collection":[{"href":"https:\/\/thebestantique.com\/et\/wp-json\/wp\/v2\/product"}],"about":[{"href":"https:\/\/thebestantique.com\/et\/wp-json\/wp\/v2\/types\/product"}],"replies":[{"embeddable":true,"href":"https:\/\/thebestantique.com\/et\/wp-json\/wp\/v2\/comments?post=15753"}],"wp:featuredmedia":[{"embeddable":true,"href":"https:\/\/thebestantique.com\/et\/wp-json\/wp\/v2\/media\/15738"}],"wp:attachment":[{"href":"https:\/\/thebestantique.com\/et\/wp-json\/wp\/v2\/media?parent=15753"}],"wp:term":[{"taxonomy":"product_brand","embeddable":true,"href":"https:\/\/thebestantique.com\/et\/wp-json\/wp\/v2\/product_brand?post=15753"},{"taxonomy":"product_cat","embeddable":true,"href":"https:\/\/thebestantique.com\/et\/wp-json\/wp\/v2\/product_cat?post=15753"},{"taxonomy":"product_tag","embeddable":true,"href":"https:\/\/thebestantique.com\/et\/wp-json\/wp\/v2\/product_tag?post=15753"}],"curies":[{"name":"wp","href":"https:\/\/api.w.org\/{rel}","templated":true}]}}