{"id":15663,"date":"2024-02-08T14:48:35","date_gmt":"2024-02-08T12:48:35","guid":{"rendered":"https:\/\/thebestantique.com\/?post_type=product&#038;p=15663"},"modified":"2025-04-14T16:28:27","modified_gmt":"2025-04-14T14:28:27","slug":"an-antique-bronze-sculpture-le-courage-militaire-by-paul-dubois-1829-1905-2","status":"publish","type":"product","link":"https:\/\/thebestantique.com\/et\/product\/an-antique-bronze-sculpture-le-courage-militaire-by-paul-dubois-1829-1905-2\/","title":{"rendered":"Antiikne pronksskulptuur \u201cLe courage militaire\u201d, autor Paul Dubois (1829-1905)"},"content":{"rendered":"<p>Antiikne pronksskulptuur \u201cLe courage militaire\u201d, autor Paul Dubois (1829-1905)<\/p>\n<p>Pronks pruuni patinaga.<\/p>\n<p>Prantsuse skulptor: Paul Dubois 1880, v\u00e4ljaanne valatud signeeritud F.BARBEDIENNE.<\/p>\n<p>\u201cS\u00f5jalist julgust\u201d esindav allegooriline kuju on \u00fcks neljast Nantes\u2019i katedraali kindral de La Morici\u00e8re\u2019i kenotaafi kummaski nurgas olevast kujust. Hea n\u00e4ide Dubois\u2019 neoflorentilikust stiilist.<\/p>\n<p>Paul Dubois (1829 \u2013 1905) oli Prantsusmaalt Nogent-sur-Seine\u2019ist p\u00e4rit prantsuse skulptor ja maalikunstnik. Aastatel 1865 ja 1876 p\u00e4lvis ta Salon des beaux-artsis m\u00e9daille d\u2019honneur.<\/p>\n<blockquote><p>K\u00f5rgus: 38 cm.<\/p><\/blockquote>\n<p><\/p>","protected":false},"excerpt":{"rendered":"<p>Antiikne pronksskulptuur \u201cLe courage militaire\u201d, autor Paul Dubois (1829-1905)<\/p>\n<p>Pronks pruuni patinaga.<\/p>\n<p>Prantsuse skulptor: Paul Dubois 1880, v\u00e4ljaanne valatud signeeritud F.BARBEDIENNE.<\/p>\n","protected":false},"featured_media":15664,"comment_status":"closed","ping_status":"closed","template":"","meta":{"_exactmetrics_skip_tracking":false,"_exactmetrics_sitenote_active":false,"_exactmetrics_sitenote_note":"","_exactmetrics_sitenote_category":0,"_uf_show_specific_survey":0,"_uf_disable_surveys":false},"product_brand":[],"product_cat":[12],"product_tag":[1197,1836],"class_list":{"0":"post-15663","1":"product","2":"type-product","3":"status-publish","4":"has-post-thumbnail","6":"product_cat-bronze","7":"product_tag-bronze-sculpture-le-courage-militaire-by-french-sculptor-paul-dubois","8":"product_tag-paul-dubois-1829-1905","9":"product_shipping_class-big-item-1500-3000-g","11":"first","12":"instock","13":"shipping-taxable","14":"purchasable","15":"product-type-simple"},"aioseo_notices":[],"_links":{"self":[{"href":"https:\/\/thebestantique.com\/et\/wp-json\/wp\/v2\/product\/15663","targetHints":{"allow":["GET"]}}],"collection":[{"href":"https:\/\/thebestantique.com\/et\/wp-json\/wp\/v2\/product"}],"about":[{"href":"https:\/\/thebestantique.com\/et\/wp-json\/wp\/v2\/types\/product"}],"replies":[{"embeddable":true,"href":"https:\/\/thebestantique.com\/et\/wp-json\/wp\/v2\/comments?post=15663"}],"wp:featuredmedia":[{"embeddable":true,"href":"https:\/\/thebestantique.com\/et\/wp-json\/wp\/v2\/media\/15664"}],"wp:attachment":[{"href":"https:\/\/thebestantique.com\/et\/wp-json\/wp\/v2\/media?parent=15663"}],"wp:term":[{"taxonomy":"product_brand","embeddable":true,"href":"https:\/\/thebestantique.com\/et\/wp-json\/wp\/v2\/product_brand?post=15663"},{"taxonomy":"product_cat","embeddable":true,"href":"https:\/\/thebestantique.com\/et\/wp-json\/wp\/v2\/product_cat?post=15663"},{"taxonomy":"product_tag","embeddable":true,"href":"https:\/\/thebestantique.com\/et\/wp-json\/wp\/v2\/product_tag?post=15663"}],"curies":[{"name":"wp","href":"https:\/\/api.w.org\/{rel}","templated":true}]}}