{"id":15629,"date":"2024-01-11T12:23:50","date_gmt":"2024-01-11T10:23:50","guid":{"rendered":"https:\/\/thebestantique.com\/?post_type=product&#038;p=15629"},"modified":"2024-03-19T11:32:37","modified_gmt":"2024-03-19T09:32:37","slug":"an-antique-bronze-sculpture-le-courage-militaire-by-paul-dubois-1829-1905","status":"publish","type":"product","link":"https:\/\/thebestantique.com\/et\/product\/an-antique-bronze-sculpture-le-courage-militaire-by-paul-dubois-1829-1905\/","title":{"rendered":"Antiikne pronksskulptuur &#8220;Le courage militaire&#8221;, autor Paul Dubois (1829-1905)"},"content":{"rendered":"<p>Antiikne pronksskulptuur &#8220;Le courage militaire&#8221;, autor Paul Dubois (1829-1905)<\/p>\n<p>Pronks pruuni patinaga.<\/p>\n<p>Prantsuse skulptor: Paul Dubois 1880, v\u00e4ljaanne valatud signeeritud F.BARBEDIENNE.<\/p>\n<p>&#8220;S\u00f5jalist julgust&#8221; esindav allegooriline kuju on \u00fcks neljast Nantes&#8217;i katedraali kindral de La Morici\u00e8re&#8217;i kenotaafi kummaski nurgas olevast kujust. Hea n\u00e4ide Dubois\u2019 neoflorentilikust stiilist.<\/p>\n<p>Paul Dubois (1829 \u2013 1905) oli Prantsusmaalt Nogent-sur-Seine&#8217;ist p\u00e4rit prantsuse skulptor ja maalikunstnik. Aastatel 1865 ja 1876 p\u00e4lvis ta Salon des beaux-artsis m\u00e9daille d\u2019honneur.<\/p>\n<blockquote><p>K\u00f5rgus: 51 cm.<\/p><\/blockquote>\n<p><\/p>","protected":false},"excerpt":{"rendered":"<p>Antiikne pronksskulptuur &#8220;Le courage militaire&#8221;, autor Paul Dubois (1829-1905)<\/p>\n<p>Pronks pruuni patinaga.<\/p>\n<p>Prantsuse skulptor: Paul Dubois 1880, v\u00e4ljaanne valatud signeeritud F.BARBEDIENNE.<\/p>\n","protected":false},"featured_media":15630,"comment_status":"closed","ping_status":"closed","template":"","meta":{"_exactmetrics_skip_tracking":false,"_exactmetrics_sitenote_active":false,"_exactmetrics_sitenote_note":"","_exactmetrics_sitenote_category":0,"_uf_show_specific_survey":0,"_uf_disable_surveys":false},"product_brand":[],"product_cat":[421],"product_tag":[811,1836],"class_list":{"0":"post-15629","1":"product","2":"type-product","3":"status-publish","4":"has-post-thumbnail","6":"product_cat-sold-items","7":"product_tag-big-bronze-le-courage-militaire-bronze-sculpture-by-paul-dubois","8":"product_tag-paul-dubois-1829-1905","9":"product_shipping_class-huge-3000-10000gr","11":"first","12":"outofstock","13":"sold-individually","14":"shipping-taxable","15":"product-type-simple"},"aioseo_notices":[],"_links":{"self":[{"href":"https:\/\/thebestantique.com\/et\/wp-json\/wp\/v2\/product\/15629","targetHints":{"allow":["GET"]}}],"collection":[{"href":"https:\/\/thebestantique.com\/et\/wp-json\/wp\/v2\/product"}],"about":[{"href":"https:\/\/thebestantique.com\/et\/wp-json\/wp\/v2\/types\/product"}],"replies":[{"embeddable":true,"href":"https:\/\/thebestantique.com\/et\/wp-json\/wp\/v2\/comments?post=15629"}],"wp:featuredmedia":[{"embeddable":true,"href":"https:\/\/thebestantique.com\/et\/wp-json\/wp\/v2\/media\/15630"}],"wp:attachment":[{"href":"https:\/\/thebestantique.com\/et\/wp-json\/wp\/v2\/media?parent=15629"}],"wp:term":[{"taxonomy":"product_brand","embeddable":true,"href":"https:\/\/thebestantique.com\/et\/wp-json\/wp\/v2\/product_brand?post=15629"},{"taxonomy":"product_cat","embeddable":true,"href":"https:\/\/thebestantique.com\/et\/wp-json\/wp\/v2\/product_cat?post=15629"},{"taxonomy":"product_tag","embeddable":true,"href":"https:\/\/thebestantique.com\/et\/wp-json\/wp\/v2\/product_tag?post=15629"}],"curies":[{"name":"wp","href":"https:\/\/api.w.org\/{rel}","templated":true}]}}