{"id":15619,"date":"2024-01-10T16:17:10","date_gmt":"2024-01-10T14:17:10","guid":{"rendered":"https:\/\/thebestantique.com\/?post_type=product&#038;p=15619"},"modified":"2024-01-10T16:17:11","modified_gmt":"2024-01-10T14:17:11","slug":"an-antique-bronze-sculpture-florentine-singer-by-paul-dubois-1829-1905","status":"publish","type":"product","link":"https:\/\/thebestantique.com\/et\/product\/an-antique-bronze-sculpture-florentine-singer-by-paul-dubois-1829-1905\/","title":{"rendered":"Antiikne pronksskulptuur &#8220;Firenze laulja&#8221;, autor Paul Dubois (1829-1905)"},"content":{"rendered":"<p>Pronksskulptuur &#8220;Firenze laulja&#8221;.<\/p>\n<p>Pruuni patinaga pronks, P.Dubois 1865, v\u00e4ljaanne valatud signeeritud F.BARBEDIENNE.<\/p>\n<p>\u00abFlorentine Singer\u00bb v\u00f5itis 1865. aasta salongi aumedali, selle h\u00f5betatud koopia on eksponeeritud D\u2019Orsay muuseumis.<\/p>\n<p>Paul Dubois (1829 \u2013 1905) oli Prantsusmaalt Nogent-sur-Seine&#8217;ist p\u00e4rit prantsuse skulptor ja maalikunstnik. Aastatel 1865 ja 1876 p\u00e4lvis ta Salon des beaux-artsis m\u00e9daille d\u2019honneur.<\/p>\n<blockquote><p>K\u00f5rgus: 62 cm.<\/p><\/blockquote>\n<p><\/p>","protected":false},"excerpt":{"rendered":"<p>Pronksskulptuur &#8220;Firenze laulja&#8221;.<\/p>\n<p>Pruuni patinaga pronks, P.Dubois 1865, v\u00e4ljaanne valatud signeeritud F.BARBEDIENNE.<\/p>\n","protected":false},"featured_media":15620,"comment_status":"closed","ping_status":"closed","template":"","meta":{"_exactmetrics_skip_tracking":false,"_exactmetrics_sitenote_active":false,"_exactmetrics_sitenote_note":"","_exactmetrics_sitenote_category":0,"_uf_show_specific_survey":0,"_uf_disable_surveys":false},"product_brand":[],"product_cat":[12],"product_tag":[1835],"class_list":{"0":"post-15619","1":"product","2":"type-product","3":"status-publish","4":"has-post-thumbnail","6":"product_cat-bronze","7":"product_tag-dubois","8":"product_shipping_class-big-item-1500-3000-g","10":"first","11":"instock","12":"sold-individually","13":"shipping-taxable","14":"purchasable","15":"product-type-simple"},"aioseo_notices":[],"_links":{"self":[{"href":"https:\/\/thebestantique.com\/et\/wp-json\/wp\/v2\/product\/15619","targetHints":{"allow":["GET"]}}],"collection":[{"href":"https:\/\/thebestantique.com\/et\/wp-json\/wp\/v2\/product"}],"about":[{"href":"https:\/\/thebestantique.com\/et\/wp-json\/wp\/v2\/types\/product"}],"replies":[{"embeddable":true,"href":"https:\/\/thebestantique.com\/et\/wp-json\/wp\/v2\/comments?post=15619"}],"wp:featuredmedia":[{"embeddable":true,"href":"https:\/\/thebestantique.com\/et\/wp-json\/wp\/v2\/media\/15620"}],"wp:attachment":[{"href":"https:\/\/thebestantique.com\/et\/wp-json\/wp\/v2\/media?parent=15619"}],"wp:term":[{"taxonomy":"product_brand","embeddable":true,"href":"https:\/\/thebestantique.com\/et\/wp-json\/wp\/v2\/product_brand?post=15619"},{"taxonomy":"product_cat","embeddable":true,"href":"https:\/\/thebestantique.com\/et\/wp-json\/wp\/v2\/product_cat?post=15619"},{"taxonomy":"product_tag","embeddable":true,"href":"https:\/\/thebestantique.com\/et\/wp-json\/wp\/v2\/product_tag?post=15619"}],"curies":[{"name":"wp","href":"https:\/\/api.w.org\/{rel}","templated":true}]}}