{"id":15610,"date":"2024-01-09T17:10:19","date_gmt":"2024-01-09T15:10:19","guid":{"rendered":"https:\/\/thebestantique.com\/?post_type=product&#038;p=15610"},"modified":"2024-08-22T09:18:07","modified_gmt":"2024-08-22T07:18:07","slug":"an-imperial-russian-dragoon-shashka-m-1881-1909","status":"publish","type":"product","link":"https:\/\/thebestantique.com\/et\/product\/an-imperial-russian-dragoon-shashka-m-1881-1909\/","title":{"rendered":"Keiserlik Vene dragoon \u0161a\u0161ka m 1881-1909."},"content":{"rendered":"<p>Keiserlik Vene dragoon \u0161a\u0161ka m 1881-1909.<\/p>\n<p>Zlatousti manufaktuuri margid. 1896 a. Tera taastati. Aga igati heas korras.<\/p>\n<blockquote><p>M\u00f5\u00f5dud:<br \/>\nKogupikkus: 91,5 cm.<br \/>\nTera pikkus: 75,5 cm.<br \/>\nTera laius: 3,2 cm.<\/p><\/blockquote>\n<p><\/p>","protected":false},"excerpt":{"rendered":"<p>Keiserlik Vene dragoon \u0161a\u0161ka m 1881-1909.<\/p>\n<p>Zlatousti manufaktuuri margid. 1896 a. Tera taastati. Aga igati heas korras.<\/p>\n","protected":false},"featured_media":15611,"comment_status":"closed","ping_status":"closed","template":"","meta":{"_exactmetrics_skip_tracking":false,"_exactmetrics_sitenote_active":false,"_exactmetrics_sitenote_note":"","_exactmetrics_sitenote_category":0,"_uf_show_specific_survey":0,"_uf_disable_surveys":false},"product_brand":[],"product_cat":[421],"product_tag":[1587],"class_list":{"0":"post-15610","1":"product","2":"type-product","3":"status-publish","4":"has-post-thumbnail","6":"product_cat-sold-items","7":"product_tag-shashka","8":"product_shipping_class-average-item-500-1500-g","10":"first","11":"outofstock","12":"sold-individually","13":"shipping-taxable","14":"purchasable","15":"product-type-simple"},"aioseo_notices":[],"_links":{"self":[{"href":"https:\/\/thebestantique.com\/et\/wp-json\/wp\/v2\/product\/15610","targetHints":{"allow":["GET"]}}],"collection":[{"href":"https:\/\/thebestantique.com\/et\/wp-json\/wp\/v2\/product"}],"about":[{"href":"https:\/\/thebestantique.com\/et\/wp-json\/wp\/v2\/types\/product"}],"replies":[{"embeddable":true,"href":"https:\/\/thebestantique.com\/et\/wp-json\/wp\/v2\/comments?post=15610"}],"wp:featuredmedia":[{"embeddable":true,"href":"https:\/\/thebestantique.com\/et\/wp-json\/wp\/v2\/media\/15611"}],"wp:attachment":[{"href":"https:\/\/thebestantique.com\/et\/wp-json\/wp\/v2\/media?parent=15610"}],"wp:term":[{"taxonomy":"product_brand","embeddable":true,"href":"https:\/\/thebestantique.com\/et\/wp-json\/wp\/v2\/product_brand?post=15610"},{"taxonomy":"product_cat","embeddable":true,"href":"https:\/\/thebestantique.com\/et\/wp-json\/wp\/v2\/product_cat?post=15610"},{"taxonomy":"product_tag","embeddable":true,"href":"https:\/\/thebestantique.com\/et\/wp-json\/wp\/v2\/product_tag?post=15610"}],"curies":[{"name":"wp","href":"https:\/\/api.w.org\/{rel}","templated":true}]}}