{"id":15585,"date":"2023-12-21T12:36:02","date_gmt":"2023-12-21T10:36:02","guid":{"rendered":"https:\/\/thebestantique.com\/?post_type=product&#038;p=15585"},"modified":"2023-12-28T12:58:13","modified_gmt":"2023-12-28T10:58:13","slug":"a-russian-cast-silver-napkin-ring-from-the-series-of-bogatir-zastava","status":"publish","type":"product","link":"https:\/\/thebestantique.com\/et\/product\/a-russian-cast-silver-napkin-ring-from-the-series-of-bogatir-zastava\/","title":{"rendered":"Vene valatud h\u00f5bedast salvr\u00e4tikus\u00f5rmus sarjast \u201cBogatir zastava\u201d"},"content":{"rendered":"<p><span>Vene valatud h\u00f5bedast salvr\u00e4tikus\u00f5rmus sarjast \u201cBogatir zastava\u201d.<br \/>\n<\/span><span>M. Tarasovi tegija m\u00e4rk.\u00a0<\/span><span>Moskva, 1908-1917.\u00a0<\/span><\/p>\n<blockquote><p><span>M\u00f5\u00f5dud: 3,7 x 6 x 3,5 cm.<br \/>\n<\/span><span class=\"\">Kaal: 32,5 g.<\/span><\/p><\/blockquote>\n<p><\/p>","protected":false},"excerpt":{"rendered":"<p>Vene valatud h\u00f5bedast salvr\u00e4tikus\u00f5rmus sarjast \u201cBogatir zastava\u201d.<br \/>\nM. Tarasovi tegija m\u00e4rk.\u00a0Moskva, 1908-1917.<\/p>\n","protected":false},"featured_media":15586,"comment_status":"closed","ping_status":"closed","template":"","meta":{"_exactmetrics_skip_tracking":false,"_exactmetrics_sitenote_active":false,"_exactmetrics_sitenote_note":"","_exactmetrics_sitenote_category":0,"_uf_show_specific_survey":0,"_uf_disable_surveys":false},"product_brand":[],"product_cat":[221,220,6],"product_tag":[164],"class_list":{"0":"post-15585","1":"product","2":"type-product","3":"status-publish","4":"has-post-thumbnail","6":"product_cat-flatware-and-serving-pieces","7":"product_cat-russian-silver","8":"product_cat-silver","9":"product_tag-russian-silver","10":"product_shipping_class-small-item-0-500-g","12":"first","13":"instock","14":"sold-individually","15":"shipping-taxable","16":"purchasable","17":"product-type-simple"},"aioseo_notices":[],"_links":{"self":[{"href":"https:\/\/thebestantique.com\/et\/wp-json\/wp\/v2\/product\/15585","targetHints":{"allow":["GET"]}}],"collection":[{"href":"https:\/\/thebestantique.com\/et\/wp-json\/wp\/v2\/product"}],"about":[{"href":"https:\/\/thebestantique.com\/et\/wp-json\/wp\/v2\/types\/product"}],"replies":[{"embeddable":true,"href":"https:\/\/thebestantique.com\/et\/wp-json\/wp\/v2\/comments?post=15585"}],"wp:featuredmedia":[{"embeddable":true,"href":"https:\/\/thebestantique.com\/et\/wp-json\/wp\/v2\/media\/15586"}],"wp:attachment":[{"href":"https:\/\/thebestantique.com\/et\/wp-json\/wp\/v2\/media?parent=15585"}],"wp:term":[{"taxonomy":"product_brand","embeddable":true,"href":"https:\/\/thebestantique.com\/et\/wp-json\/wp\/v2\/product_brand?post=15585"},{"taxonomy":"product_cat","embeddable":true,"href":"https:\/\/thebestantique.com\/et\/wp-json\/wp\/v2\/product_cat?post=15585"},{"taxonomy":"product_tag","embeddable":true,"href":"https:\/\/thebestantique.com\/et\/wp-json\/wp\/v2\/product_tag?post=15585"}],"curies":[{"name":"wp","href":"https:\/\/api.w.org\/{rel}","templated":true}]}}