{"id":15574,"date":"2023-12-06T12:59:31","date_gmt":"2023-12-06T10:59:31","guid":{"rendered":"https:\/\/thebestantique.com\/?post_type=product&#038;p=15574"},"modified":"2024-04-29T08:48:19","modified_gmt":"2024-04-29T06:48:19","slug":"an-imperial-russian-dragoon-officers-shashka-m-1881-1909-with-st-anna-order-and-for-bravery","status":"publish","type":"product","link":"https:\/\/thebestantique.com\/et\/product\/an-imperial-russian-dragoon-officers-shashka-m-1881-1909-with-st-anna-order-and-for-bravery\/","title":{"rendered":"Keiserliku Vene dragooniohvitseri \u0161a\u0161ka m 1881-1909, P\u00fcha Anna ordeniga ja vapruse eest."},"content":{"rendered":"<p>Keiserliku Vene dragooniohvitseri \u0161a\u0161ka m 1881-1909, P\u00fcha Anna ordeniga ja vapruse eest.<br \/>\nKullatud ja graveeritud tellitud Alex Coppel Solingeni manufaktuuri tera.<\/p>\n<p>Nahast kasutatud tupp. Selle m\u00f5\u00f5ga kohta lisateabe saamiseks vaadake pilte.<\/p>\n<p>V\u00e4ga ilus n\u00e4ide, mida on v\u00e4ga raske leida.<\/p>\n<blockquote><p>M\u00f5\u00f5dud:<br \/>\nKogupikkus: 96 cm.<br \/>\nTera pikkus: 81,2 cm.<br \/>\nTera laius: 2,2 cm.<\/p><\/blockquote>\n<p><\/p>","protected":false},"excerpt":{"rendered":"<p>Keiserliku Vene dragooniohvitseri \u0161a\u0161ka m 1881-1909, P\u00fcha Anna ordeniga ja vapruse eest.<br \/>\nKullatud ja graveeritud tellitud Alex Coppel Solingeni manufaktuuri tera.<\/p>\n","protected":false},"featured_media":15556,"comment_status":"closed","ping_status":"closed","template":"","meta":{"_exactmetrics_skip_tracking":false,"_exactmetrics_sitenote_active":false,"_exactmetrics_sitenote_note":"","_exactmetrics_sitenote_category":0,"_uf_show_specific_survey":0,"_uf_disable_surveys":false},"product_brand":[],"product_cat":[421],"product_tag":[1833,1587],"class_list":{"0":"post-15574","1":"product","2":"type-product","3":"status-publish","4":"has-post-thumbnail","6":"product_cat-sold-items","7":"product_tag-alex-coppel","8":"product_tag-shashka","9":"product_shipping_class-average-item-500-1500-g","11":"first","12":"outofstock","13":"sold-individually","14":"shipping-taxable","15":"product-type-simple"},"aioseo_notices":[],"_links":{"self":[{"href":"https:\/\/thebestantique.com\/et\/wp-json\/wp\/v2\/product\/15574","targetHints":{"allow":["GET"]}}],"collection":[{"href":"https:\/\/thebestantique.com\/et\/wp-json\/wp\/v2\/product"}],"about":[{"href":"https:\/\/thebestantique.com\/et\/wp-json\/wp\/v2\/types\/product"}],"replies":[{"embeddable":true,"href":"https:\/\/thebestantique.com\/et\/wp-json\/wp\/v2\/comments?post=15574"}],"wp:featuredmedia":[{"embeddable":true,"href":"https:\/\/thebestantique.com\/et\/wp-json\/wp\/v2\/media\/15556"}],"wp:attachment":[{"href":"https:\/\/thebestantique.com\/et\/wp-json\/wp\/v2\/media?parent=15574"}],"wp:term":[{"taxonomy":"product_brand","embeddable":true,"href":"https:\/\/thebestantique.com\/et\/wp-json\/wp\/v2\/product_brand?post=15574"},{"taxonomy":"product_cat","embeddable":true,"href":"https:\/\/thebestantique.com\/et\/wp-json\/wp\/v2\/product_cat?post=15574"},{"taxonomy":"product_tag","embeddable":true,"href":"https:\/\/thebestantique.com\/et\/wp-json\/wp\/v2\/product_tag?post=15574"}],"curies":[{"name":"wp","href":"https:\/\/api.w.org\/{rel}","templated":true}]}}