{"id":15544,"date":"2023-12-06T12:14:44","date_gmt":"2023-12-06T10:14:44","guid":{"rendered":"https:\/\/thebestantique.com\/?post_type=product&#038;p=15544"},"modified":"2024-10-30T14:16:11","modified_gmt":"2024-10-30T12:16:11","slug":"huge-rare-french-antique-romantic-dagger-hercules-killing-hydra-2","status":"publish","type":"product","link":"https:\/\/thebestantique.com\/et\/product\/huge-rare-french-antique-romantic-dagger-hercules-killing-hydra-2\/","title":{"rendered":"Tohutu haruldane prantsuse antiikne romantiline pistoda \u201cHercules tappab Hydra\u201d"},"content":{"rendered":"<p>\u00dches t\u00fckis k\u00e4epidemel on \u00fcmmargused suurep\u00e4rased nikerdused, mis kujutavad jumal Heraklest kukkunud draakoni seljas. Herakles kannab kiivrina peas leont\u00e9\u2019t, Nemea l\u00f5vi nahka. Ta kannab ka hopliidi tuunikat ja vehib glaive&#8217;iga, millega lohe l\u00fc\u00fca. Draakon t\u00f5stab haletsusv\u00e4\u00e4rse keerutava liigutusega pea Heraklese poole. Selle v\u00e4ljasirutatud tiivad moodustavad pistoda quillonid. Kahe teraga tera, kahekordne renn ja keskmine hari. Tupp ka h\u00f5betatud pronksist, kaunistatud stiliseeritud lehestiku ja kolme v\u00e4ga peenelt nikerdatud ja reljeefse kaunistusega. \u00dclemist kaunistust, millel on kaks b\u00e9li\u00e8re&#8217;i s\u00f5rmust, kaunistab m\u00f5lemale k\u00fcljele nikerdatud medaljon. \u00dchel medaljonil on kiirgaval ovaalsel taustal kujutatud kiivriga naist, kes kannab lehtedest krooni, t\u00f5en\u00e4oliselt Athena, mida ehib allosas v\u00e4ike mask. Teisel on l\u00f5vipea, suu lahti, lakk v\u00e4ljasirutatud. Keskmisel paneelil on antiikstiilis militaarstseenid: \u00fchel pool maalahing jalav\u00e4elastega, kes kannavad kiivreid, kilpe, m\u00f5\u00f5ku ja odasid; teisel pool purjede ja aerudega kamb\u00fc\u00fcs, millel on imposantne kuju ja mis on koormatud relvaj\u00f5ududega. Iga stseeni peal on groteskne mask. Kilbil on m\u00f5lemale k\u00fcljele nikerdatud eriti k\u00f5rge reljeefiga Athena \u00f6\u00f6kulli s\u00fcmbol, millest kumbagi k\u00fclgneb kaks p\u00f5hja k\u00fclge seotud loorberioksa.<\/p>\n<p>Kreeka m\u00fctoloogias on Nemea l\u00f5vi fantastiline olend, kelle Herakles tappis oma kaheteistk\u00fcmne t\u00f6\u00f6 k\u00e4igus. L\u00f5vi on Geryoni koera Orthose ja kim\u00e4\u00e4ri ehk ehidna poeg, nagu Teeba sfinks. V\u00e4hemusrahvuse traditsioon omistab Typhoni oma isaks, ilma ema t\u00e4psustamata; veel \u00fcks mainib oma emana Kuujumalannat Selenet. Hera \u00fcles kasvatatud, valitses ta Argolida Nemea piirkonnas hirmu. Tema nahk on l\u00e4bitungimatu. Selle koletise tapmine ja Eurystheuse juurde tagasi toomine on esimene kaheteistk\u00fcmnest \u00fclesandest, mille Heracles peab t\u00e4itma. Cleonesse j\u00f5udes peatub kangelane Molorchose-nimelise k\u00fcndja onnis, kes tahab talle ohverdada, justkui jumalale. Sellisest aust keeldudes palub Herakles tal kuu aega oodata. Selle kuu l\u00f5pus v\u00e4\u00e4rib ta kas surnud kangelasena ohverdamist v\u00f5i on ta metsalise tapnud. Sel juhul v\u00f5ib Molorchos ohverdada Zeusile. \u00dchel \u00f5htul \u00fcllatas Herakles l\u00f5vi m\u00e4en\u00f5lval p\u00e4rast seda, kui metsaline oli s\u00f6\u00f6nud. Varjatuna tulistab ta selle pihta nooltega. Kuid peagi m\u00f5istab ta, et koletis on haavamatu. Tema nooled, mille Apollo andis talle, p\u00f5rkuvad tema nahalt tagasi. L\u00f5vi esitab s\u00fc\u00fcdistuse, kuid Herakles v\u00e4ldib r\u00fcnnakut. Ta v\u00f5itleb relvastatult ainult oma oliivipuunuiaga. Ta l\u00f6\u00f6b sellega l\u00f5vi, seej\u00e4rel l\u00e4mmatab selle, purustades l\u00e4hiv\u00f5itluses tema nuia. (Teises versioonis lukustab Herakles l\u00f5vi oma koopasse ja k\u00e4gistab selle kahe k\u00e4ega). Ta koorib selle, kasutades koletise enda k\u00fc\u00fcniseid, et karmi nahka l\u00f5igata. Ta puhastab naha (mida ei l\u00f5hkuda ei tule ega raud) ja paneb peale. Zeus asetab l\u00f5vi taevalaotuse t\u00e4htkujude hulka. Molorchos ohverdab kangelasele, kui Herakles ootamatult Cleonaesse saabub. Tirynthesse naastes viskab kangelane naha Eurystheuse jalge ette, kes on nii hirmunud, et h\u00fcppab peitma purki. Ta k\u00e4sib Heraklesel hoida oma trofeed edaspidi linnast v\u00e4ljas ja suhelda temaga ainult oma heeroldi Coprea kaudu.<\/p>\n<blockquote><p>Pikkus: 63,5 cm.<\/p><\/blockquote>\n<p><\/p>","protected":false},"excerpt":{"rendered":"<h1 class=\"product_title entry-title\">Tohutu haruldane prantsuse antiikne romantiline pistoda \u201cHercules tappab Hydra\u201d<\/h1>\n","protected":false},"featured_media":15545,"comment_status":"closed","ping_status":"closed","template":"","meta":{"_exactmetrics_skip_tracking":false,"_exactmetrics_sitenote_active":false,"_exactmetrics_sitenote_note":"","_exactmetrics_sitenote_category":0,"_uf_show_specific_survey":0,"_uf_disable_surveys":false},"product_brand":[],"product_cat":[421],"product_tag":[481],"class_list":{"0":"post-15544","1":"product","2":"type-product","3":"status-publish","4":"has-post-thumbnail","6":"product_cat-sold-items","7":"product_tag-antique-romantic-dagger-europe","8":"product_shipping_class-average-item-500-1500-g","10":"first","11":"outofstock","12":"shipping-taxable","13":"product-type-simple"},"aioseo_notices":[],"_links":{"self":[{"href":"https:\/\/thebestantique.com\/et\/wp-json\/wp\/v2\/product\/15544","targetHints":{"allow":["GET"]}}],"collection":[{"href":"https:\/\/thebestantique.com\/et\/wp-json\/wp\/v2\/product"}],"about":[{"href":"https:\/\/thebestantique.com\/et\/wp-json\/wp\/v2\/types\/product"}],"replies":[{"embeddable":true,"href":"https:\/\/thebestantique.com\/et\/wp-json\/wp\/v2\/comments?post=15544"}],"wp:featuredmedia":[{"embeddable":true,"href":"https:\/\/thebestantique.com\/et\/wp-json\/wp\/v2\/media\/15545"}],"wp:attachment":[{"href":"https:\/\/thebestantique.com\/et\/wp-json\/wp\/v2\/media?parent=15544"}],"wp:term":[{"taxonomy":"product_brand","embeddable":true,"href":"https:\/\/thebestantique.com\/et\/wp-json\/wp\/v2\/product_brand?post=15544"},{"taxonomy":"product_cat","embeddable":true,"href":"https:\/\/thebestantique.com\/et\/wp-json\/wp\/v2\/product_cat?post=15544"},{"taxonomy":"product_tag","embeddable":true,"href":"https:\/\/thebestantique.com\/et\/wp-json\/wp\/v2\/product_tag?post=15544"}],"curies":[{"name":"wp","href":"https:\/\/api.w.org\/{rel}","templated":true}]}}