{"id":15527,"date":"2023-11-28T13:04:07","date_gmt":"2023-11-28T11:04:07","guid":{"rendered":"https:\/\/thebestantique.com\/?post_type=product&#038;p=15527"},"modified":"2023-11-28T13:04:08","modified_gmt":"2023-11-28T11:04:08","slug":"a-spanish-silver-fighting-rooster","status":"publish","type":"product","link":"https:\/\/thebestantique.com\/et\/product\/a-spanish-silver-fighting-rooster\/","title":{"rendered":"Hispaania h\u00f5bedane v\u00f5itluskukk"},"content":{"rendered":"<p>Hispaania h\u00f5bedane v\u00f5itluskukk.<\/p>\n<p>20. sajandil. Kena ja detailne t\u00f6\u00f6. Hispaania tunnusm\u00e4rk 0,915.<\/p>\n<blockquote><p>K\u00f5rgus: 14,5 cm.<br \/>\nKaal: 217 g.<\/p><\/blockquote>\n<p><\/p>","protected":false},"excerpt":{"rendered":"<p>Hispaania h\u00f5bedane v\u00f5itluskukk.<\/p>\n<p>20. sajandil. Kena ja detailne t\u00f6\u00f6. Hispaania tunnusm\u00e4rk 0,915.<\/p>\n","protected":false},"featured_media":15528,"comment_status":"closed","ping_status":"closed","template":"","meta":{"_exactmetrics_skip_tracking":false,"_exactmetrics_sitenote_active":false,"_exactmetrics_sitenote_note":"","_exactmetrics_sitenote_category":0,"_uf_show_specific_survey":0,"_uf_disable_surveys":false},"product_brand":[],"product_cat":[6,841],"product_tag":[],"class_list":{"0":"post-15527","1":"product","2":"type-product","3":"status-publish","4":"has-post-thumbnail","6":"product_cat-silver","7":"product_cat-silver-miniatures-and-other","8":"product_shipping_class-average-item-500-1500-g","10":"first","11":"instock","12":"shipping-taxable","13":"purchasable","14":"product-type-simple"},"aioseo_notices":[],"_links":{"self":[{"href":"https:\/\/thebestantique.com\/et\/wp-json\/wp\/v2\/product\/15527","targetHints":{"allow":["GET"]}}],"collection":[{"href":"https:\/\/thebestantique.com\/et\/wp-json\/wp\/v2\/product"}],"about":[{"href":"https:\/\/thebestantique.com\/et\/wp-json\/wp\/v2\/types\/product"}],"replies":[{"embeddable":true,"href":"https:\/\/thebestantique.com\/et\/wp-json\/wp\/v2\/comments?post=15527"}],"wp:featuredmedia":[{"embeddable":true,"href":"https:\/\/thebestantique.com\/et\/wp-json\/wp\/v2\/media\/15528"}],"wp:attachment":[{"href":"https:\/\/thebestantique.com\/et\/wp-json\/wp\/v2\/media?parent=15527"}],"wp:term":[{"taxonomy":"product_brand","embeddable":true,"href":"https:\/\/thebestantique.com\/et\/wp-json\/wp\/v2\/product_brand?post=15527"},{"taxonomy":"product_cat","embeddable":true,"href":"https:\/\/thebestantique.com\/et\/wp-json\/wp\/v2\/product_cat?post=15527"},{"taxonomy":"product_tag","embeddable":true,"href":"https:\/\/thebestantique.com\/et\/wp-json\/wp\/v2\/product_tag?post=15527"}],"curies":[{"name":"wp","href":"https:\/\/api.w.org\/{rel}","templated":true}]}}