{"id":15488,"date":"2023-11-09T15:16:49","date_gmt":"2023-11-09T13:16:49","guid":{"rendered":"https:\/\/thebestantique.com\/?post_type=product&#038;p=15488"},"modified":"2024-08-22T10:44:36","modified_gmt":"2024-08-22T08:44:36","slug":"an-imperial-russian-dragoon-officers-shashka-m-1881-1909-manufacturers-mark-zlatous","status":"publish","type":"product","link":"https:\/\/thebestantique.com\/et\/product\/an-imperial-russian-dragoon-officers-shashka-m-1881-1909-manufacturers-mark-zlatous\/","title":{"rendered":"Keiserliku Vene dragooniohvitseri \u0161a\u0161ka m 1881-1909, tootjam\u00e4rk Zlatoust."},"content":{"rendered":"<p>Keiserliku Vene dragooniohvitseri \u0161a\u0161ka m 1881-1909, tootjam\u00e4rk Zlatoust.<br \/>\nTerale m\u00e4rgitud tehasem\u00e4rk Zlatoust ja aastaarv 1916, samuti m\u00e4rgistatud ristkaitsel Zlatousti manufaktuuri tempel ja aastaarv 1915. Puidust k\u00e4epide.<\/p>\n<p>Must nahkkattega tupp, millel on kander\u00f5ngas ja mille otsas on messingist kate.<\/p>\n<blockquote><p>Kogupikkus: 98 cm.<br \/>\nTera pikkus: 80,7 cm.<br \/>\nTera laius: 3,2 cm.<\/p><\/blockquote>\n<p><\/p>","protected":false},"excerpt":{"rendered":"<p>Keiserliku Vene dragooniohvitseri \u0161a\u0161ka m 1881-1909, tootjam\u00e4rk Zlatoust.<br \/>\nTerale m\u00e4rgitud tehasem\u00e4rk Zlatoust ja aastaarv 1916, samuti m\u00e4rgistatud ristkaitsel Zlatousti manufaktuuri tempel ja aastaarv 1915. Puidust k\u00e4epide.<\/p>\n","protected":false},"featured_media":15491,"comment_status":"closed","ping_status":"closed","template":"","meta":{"_exactmetrics_skip_tracking":false,"_exactmetrics_sitenote_active":false,"_exactmetrics_sitenote_note":"","_exactmetrics_sitenote_category":0,"_uf_show_specific_survey":0,"_uf_disable_surveys":false},"product_brand":[],"product_cat":[80],"product_tag":[1645],"class_list":{"0":"post-15488","1":"product","2":"type-product","3":"status-publish","4":"has-post-thumbnail","6":"product_cat-swords","7":"product_tag-1881-1909","8":"product_shipping_class-average-item-500-1500-g","10":"first","11":"instock","12":"sold-individually","13":"shipping-taxable","14":"purchasable","15":"product-type-simple"},"aioseo_notices":[],"_links":{"self":[{"href":"https:\/\/thebestantique.com\/et\/wp-json\/wp\/v2\/product\/15488","targetHints":{"allow":["GET"]}}],"collection":[{"href":"https:\/\/thebestantique.com\/et\/wp-json\/wp\/v2\/product"}],"about":[{"href":"https:\/\/thebestantique.com\/et\/wp-json\/wp\/v2\/types\/product"}],"replies":[{"embeddable":true,"href":"https:\/\/thebestantique.com\/et\/wp-json\/wp\/v2\/comments?post=15488"}],"wp:featuredmedia":[{"embeddable":true,"href":"https:\/\/thebestantique.com\/et\/wp-json\/wp\/v2\/media\/15491"}],"wp:attachment":[{"href":"https:\/\/thebestantique.com\/et\/wp-json\/wp\/v2\/media?parent=15488"}],"wp:term":[{"taxonomy":"product_brand","embeddable":true,"href":"https:\/\/thebestantique.com\/et\/wp-json\/wp\/v2\/product_brand?post=15488"},{"taxonomy":"product_cat","embeddable":true,"href":"https:\/\/thebestantique.com\/et\/wp-json\/wp\/v2\/product_cat?post=15488"},{"taxonomy":"product_tag","embeddable":true,"href":"https:\/\/thebestantique.com\/et\/wp-json\/wp\/v2\/product_tag?post=15488"}],"curies":[{"name":"wp","href":"https:\/\/api.w.org\/{rel}","templated":true}]}}