{"id":15474,"date":"2023-11-09T14:07:30","date_gmt":"2023-11-09T12:07:30","guid":{"rendered":"https:\/\/thebestantique.com\/?post_type=product&#038;p=15474"},"modified":"2024-04-29T08:50:39","modified_gmt":"2024-04-29T06:50:39","slug":"m-1827-russian-cavalry-officers-sword-shafsons-with-damascus-blade","status":"publish","type":"product","link":"https:\/\/thebestantique.com\/et\/product\/m-1827-russian-cavalry-officers-sword-shafsons-with-damascus-blade\/","title":{"rendered":"M-1827 Vene ratsav\u00e4eohvitseri m\u00f5\u00f5k Shaff&#038;Sons damaskuse teraga."},"content":{"rendered":"<p>M-1827 Vene ratsav\u00e4eohvitseri m\u00f5\u00f5k Shaff&amp;Sons damaskuse teraga.<\/p>\n<p>Damaskuse tera toodeti Belgias. Haruldane n\u00e4ide seda t\u00fc\u00fcpi damskuse teraga m\u00f5\u00f5gast.<\/p>\n<p>Heas seisukorras.<\/p>\n<p>&nbsp;<\/p>\n<blockquote><p>M\u00f5\u00f5dud:<br \/>\nKogupikkus: 93 cm.<br \/>\nTera pikkus: 76,4 cm.<br \/>\nTera laius: 3,3 cm.<\/p><\/blockquote>\n<p><\/p>","protected":false},"excerpt":{"rendered":"<p>M-1827 Vene ratsav\u00e4eohvitseri m\u00f5\u00f5k Shaff&amp;Sons damaskuse teraga.<\/p>\n<p>Damaskuse tera toodeti Belgias. Haruldane n\u00e4ide seda t\u00fc\u00fcpi damskuse teraga m\u00f5\u00f5gast.<\/p>\n","protected":false},"featured_media":15475,"comment_status":"closed","ping_status":"closed","template":"","meta":{"_exactmetrics_skip_tracking":false,"_exactmetrics_sitenote_active":false,"_exactmetrics_sitenote_note":"","_exactmetrics_sitenote_category":0,"_uf_show_specific_survey":0,"_uf_disable_surveys":false},"product_brand":[],"product_cat":[421],"product_tag":[1531,1588],"class_list":{"0":"post-15474","1":"product","2":"type-product","3":"status-publish","4":"has-post-thumbnail","6":"product_cat-sold-items","7":"product_tag-a-russian-cavalry-officers-sabre","8":"product_tag-russian-sword","9":"product_shipping_class-average-item-500-1500-g","11":"first","12":"outofstock","13":"shipping-taxable","14":"product-type-simple"},"aioseo_notices":[],"_links":{"self":[{"href":"https:\/\/thebestantique.com\/et\/wp-json\/wp\/v2\/product\/15474","targetHints":{"allow":["GET"]}}],"collection":[{"href":"https:\/\/thebestantique.com\/et\/wp-json\/wp\/v2\/product"}],"about":[{"href":"https:\/\/thebestantique.com\/et\/wp-json\/wp\/v2\/types\/product"}],"replies":[{"embeddable":true,"href":"https:\/\/thebestantique.com\/et\/wp-json\/wp\/v2\/comments?post=15474"}],"wp:featuredmedia":[{"embeddable":true,"href":"https:\/\/thebestantique.com\/et\/wp-json\/wp\/v2\/media\/15475"}],"wp:attachment":[{"href":"https:\/\/thebestantique.com\/et\/wp-json\/wp\/v2\/media?parent=15474"}],"wp:term":[{"taxonomy":"product_brand","embeddable":true,"href":"https:\/\/thebestantique.com\/et\/wp-json\/wp\/v2\/product_brand?post=15474"},{"taxonomy":"product_cat","embeddable":true,"href":"https:\/\/thebestantique.com\/et\/wp-json\/wp\/v2\/product_cat?post=15474"},{"taxonomy":"product_tag","embeddable":true,"href":"https:\/\/thebestantique.com\/et\/wp-json\/wp\/v2\/product_tag?post=15474"}],"curies":[{"name":"wp","href":"https:\/\/api.w.org\/{rel}","templated":true}]}}