{"id":15426,"date":"2023-11-06T13:21:16","date_gmt":"2023-11-06T11:21:16","guid":{"rendered":"https:\/\/thebestantique.com\/?post_type=product&#038;p=15426"},"modified":"2024-04-29T08:54:58","modified_gmt":"2024-04-29T06:54:58","slug":"m-1881-imperial-russian-dragoon-officer-shashka-sword-with-engraved-naval-blade","status":"publish","type":"product","link":"https:\/\/thebestantique.com\/et\/product\/m-1881-imperial-russian-dragoon-officer-shashka-sword-with-engraved-naval-blade\/","title":{"rendered":"V\u00e4ga haruldane n\u00e4ide M-1881 keiserliku Vene dragooniohvitseri Shashka m\u00f5\u00f5gast, millel on graveeritud saksa &#8220;JA heckels Solingen&#8221; merev\u00e4e tera"},"content":{"rendered":"<p>V\u00e4ga haruldane n\u00e4ide M-1881 keiserliku Vene dragooniohvitseri Shashka m\u00f5\u00f5gast, millel on graveeritud saksa &#8220;JA heckels Solingen&#8221; merev\u00e4e tera.<\/p>\n<p>Seda t\u00fc\u00fcpi merev\u00e4e teraga m\u00f5\u00f5ga \u00e4\u00e4rmiselt haruldane n\u00e4ide.<\/p>\n<p>&nbsp;<\/p>\n<blockquote><p>M\u00f5\u00f5dud:<br \/>\nKogupikkus: 93 cm.<br \/>\nTera pikkus: 78,5 cm.<br \/>\nTera laius: 3 cm.<\/p><\/blockquote>\n<p><\/p>","protected":false},"excerpt":{"rendered":"<p>V\u00e4ga haruldane n\u00e4ide M-1881 keiserliku Vene dragooniohvitseri Shashka m\u00f5\u00f5gast, millel on graveeritud saksa &#8220;JA heckels Solingen&#8221; merev\u00e4e tera.<\/p>\n<p>Seda t\u00fc\u00fcpi merev\u00e4e teraga m\u00f5\u00f5ga \u00e4\u00e4rmiselt haruldane n\u00e4ide.<\/p>\n","protected":false},"featured_media":15427,"comment_status":"closed","ping_status":"closed","template":"","meta":{"_exactmetrics_skip_tracking":false,"_exactmetrics_sitenote_active":false,"_exactmetrics_sitenote_note":"","_exactmetrics_sitenote_category":0,"_uf_show_specific_survey":0,"_uf_disable_surveys":false},"product_brand":[],"product_cat":[421],"product_tag":[383,1830,1587,1640],"class_list":{"0":"post-15426","1":"product","2":"type-product","3":"status-publish","4":"has-post-thumbnail","6":"product_cat-sold-items","7":"product_tag-383","8":"product_tag-m-1881","9":"product_tag-shashka","10":"product_tag-----1881","11":"product_shipping_class-average-item-500-1500-g","13":"first","14":"outofstock","15":"shipping-taxable","16":"product-type-simple"},"aioseo_notices":[],"_links":{"self":[{"href":"https:\/\/thebestantique.com\/et\/wp-json\/wp\/v2\/product\/15426","targetHints":{"allow":["GET"]}}],"collection":[{"href":"https:\/\/thebestantique.com\/et\/wp-json\/wp\/v2\/product"}],"about":[{"href":"https:\/\/thebestantique.com\/et\/wp-json\/wp\/v2\/types\/product"}],"replies":[{"embeddable":true,"href":"https:\/\/thebestantique.com\/et\/wp-json\/wp\/v2\/comments?post=15426"}],"wp:featuredmedia":[{"embeddable":true,"href":"https:\/\/thebestantique.com\/et\/wp-json\/wp\/v2\/media\/15427"}],"wp:attachment":[{"href":"https:\/\/thebestantique.com\/et\/wp-json\/wp\/v2\/media?parent=15426"}],"wp:term":[{"taxonomy":"product_brand","embeddable":true,"href":"https:\/\/thebestantique.com\/et\/wp-json\/wp\/v2\/product_brand?post=15426"},{"taxonomy":"product_cat","embeddable":true,"href":"https:\/\/thebestantique.com\/et\/wp-json\/wp\/v2\/product_cat?post=15426"},{"taxonomy":"product_tag","embeddable":true,"href":"https:\/\/thebestantique.com\/et\/wp-json\/wp\/v2\/product_tag?post=15426"}],"curies":[{"name":"wp","href":"https:\/\/api.w.org\/{rel}","templated":true}]}}