{"id":15416,"date":"2023-11-06T12:51:55","date_gmt":"2023-11-06T10:51:55","guid":{"rendered":"https:\/\/thebestantique.com\/?post_type=product&#038;p=15416"},"modified":"2024-04-29T08:37:52","modified_gmt":"2024-04-29T06:37:52","slug":"a-rare-russian-hunting-knife-zlatoust-decorated-with-engravings-late-19th-century","status":"publish","type":"product","link":"https:\/\/thebestantique.com\/et\/product\/a-rare-russian-hunting-knife-zlatoust-decorated-with-engravings-late-19th-century\/","title":{"rendered":"Haruldane grav\u00fc\u00fcridega kaunistatud vene jahinuga Zlatoust, 19. sajandi l\u00f5pp."},"content":{"rendered":"<p>Haruldane grav\u00fc\u00fcridega kaunistatud vene jahinuga Zlatoust, 19. sajandi l\u00f5pp.<\/p>\n<p>Haruldane n\u00e4ide vene jahirelvast.<\/p>\n<p>Tera on terasest, sirge, \u00fcheiduleheline, kahe teraga, odakujulise v\u00f5itlusotsaga. Teral on s\u00f6\u00f6vitus. Raamitud tera \u00fchel k\u00fcljel stiliseeritud lilleornamendiga, teisel lilleornamendiga: Zlatoust raamitud stiliseeritud lilleornamendiga. K\u00e4epide on valmistatud eebenipuust, ristk\u00fclikukujuline. Veljega alumine ots, kaks kuuli ja trefoili kujuline k\u00e4epideme pea on metallist, kaunistatud lille- ja geomeetriliste mustritega. Tupp on kaetud pruuni sametiga, sellel on \u00fclemised ja alumised metallist figuurotsad ning esik\u00fcljel figuurmembraan. Metallist tupp on kaunistatud metsloomade kujutistega metsas, stseenidega jahielust ning on kaunistatud stiliseeritud lillede ja \u00fcrtidega ning sellel on ka Zlatoust signatuur.<\/p>\n<blockquote><p>\nM\u00f5\u00f5dud:<br \/>\nKogupikkus: 36,7 cm.<br \/>\nTera pikkus: 22,3 cm.<br \/>\nTera laius: 3 cm.<\/p><\/blockquote>\n<p><\/p>","protected":false},"excerpt":{"rendered":"<p>Haruldane grav\u00fc\u00fcridega kaunistatud vene jahinuga Zlatoust, 19. sajandi l\u00f5pp.<\/p>\n<p>Haruldane n\u00e4ide vene jahirelvast.<\/p>\n","protected":false},"featured_media":15417,"comment_status":"closed","ping_status":"closed","template":"","meta":{"_exactmetrics_skip_tracking":false,"_exactmetrics_sitenote_active":false,"_exactmetrics_sitenote_note":"","_exactmetrics_sitenote_category":0,"_uf_show_specific_survey":0,"_uf_disable_surveys":false},"product_brand":[],"product_cat":[421],"product_tag":[1831],"class_list":{"0":"post-15416","1":"product","2":"type-product","3":"status-publish","4":"has-post-thumbnail","6":"product_cat-sold-items","7":"product_tag-zlatoust","8":"product_shipping_class-small-item-0-500-g","10":"first","11":"outofstock","12":"sold-individually","13":"shipping-taxable","14":"product-type-simple"},"aioseo_notices":[],"_links":{"self":[{"href":"https:\/\/thebestantique.com\/et\/wp-json\/wp\/v2\/product\/15416","targetHints":{"allow":["GET"]}}],"collection":[{"href":"https:\/\/thebestantique.com\/et\/wp-json\/wp\/v2\/product"}],"about":[{"href":"https:\/\/thebestantique.com\/et\/wp-json\/wp\/v2\/types\/product"}],"replies":[{"embeddable":true,"href":"https:\/\/thebestantique.com\/et\/wp-json\/wp\/v2\/comments?post=15416"}],"wp:featuredmedia":[{"embeddable":true,"href":"https:\/\/thebestantique.com\/et\/wp-json\/wp\/v2\/media\/15417"}],"wp:attachment":[{"href":"https:\/\/thebestantique.com\/et\/wp-json\/wp\/v2\/media?parent=15416"}],"wp:term":[{"taxonomy":"product_brand","embeddable":true,"href":"https:\/\/thebestantique.com\/et\/wp-json\/wp\/v2\/product_brand?post=15416"},{"taxonomy":"product_cat","embeddable":true,"href":"https:\/\/thebestantique.com\/et\/wp-json\/wp\/v2\/product_cat?post=15416"},{"taxonomy":"product_tag","embeddable":true,"href":"https:\/\/thebestantique.com\/et\/wp-json\/wp\/v2\/product_tag?post=15416"}],"curies":[{"name":"wp","href":"https:\/\/api.w.org\/{rel}","templated":true}]}}