{"id":15378,"date":"2023-11-04T08:02:21","date_gmt":"2023-11-04T06:02:21","guid":{"rendered":"https:\/\/thebestantique.com\/?post_type=product&#038;p=15378"},"modified":"2024-05-06T20:02:44","modified_gmt":"2024-05-06T18:02:44","slug":"an-imperial-russian-dragoon-officers-shashka-m-1881-1909-manufacturers-mark-zlatoust","status":"publish","type":"product","link":"https:\/\/thebestantique.com\/et\/product\/an-imperial-russian-dragoon-officers-shashka-m-1881-1909-manufacturers-mark-zlatoust\/","title":{"rendered":"Keiserliku Vene dragooniohvitseri \u0161a\u0161ka m 1881-1909, tootjam\u00e4rk Zlatoust."},"content":{"rendered":"<p>Keiserliku Vene dragooniohvitseri \u0161a\u0161ka m 1881-1909, tootjam\u00e4rk Zlatoust. M\u00e4rgistatud Venemaa tsaari Nikolai II monogrammiga ja kirillitsas tehasem\u00e4rgiga Zlatoust. Puidust k\u00e4epide. Must nahkkattega tupp, millel on kander\u00f5ngas ja mille otsas on messingist kate.<\/p>\n<blockquote><p>M\u00f5\u00f5dud:<br \/>\nKogupikkus: 96 cm.<br \/>\nTera pikkus: 78 cm.<br \/>\nTera laius: 3,1 cm.<\/p><\/blockquote>\n<p><\/p>","protected":false},"excerpt":{"rendered":"<p>Keiserliku Vene dragooniohvitseri \u0161a\u0161ka m 1881-1909, tootjam\u00e4rk Zlatoust. M\u00e4rgistatud Venemaa tsaari Nikolai II monogrammiga ja kirillitsas tehasem\u00e4rgiga Zlatoust.<\/p>\n","protected":false},"featured_media":15383,"comment_status":"closed","ping_status":"closed","template":"","meta":{"_exactmetrics_skip_tracking":false,"_exactmetrics_sitenote_active":false,"_exactmetrics_sitenote_note":"","_exactmetrics_sitenote_category":0,"_uf_show_specific_survey":0,"_uf_disable_surveys":false},"product_brand":[],"product_cat":[421],"product_tag":[1587],"class_list":{"0":"post-15378","1":"product","2":"type-product","3":"status-publish","4":"has-post-thumbnail","6":"product_cat-sold-items","7":"product_tag-shashka","8":"product_shipping_class-average-item-500-1500-g","10":"first","11":"outofstock","12":"shipping-taxable","13":"product-type-simple"},"aioseo_notices":[],"_links":{"self":[{"href":"https:\/\/thebestantique.com\/et\/wp-json\/wp\/v2\/product\/15378","targetHints":{"allow":["GET"]}}],"collection":[{"href":"https:\/\/thebestantique.com\/et\/wp-json\/wp\/v2\/product"}],"about":[{"href":"https:\/\/thebestantique.com\/et\/wp-json\/wp\/v2\/types\/product"}],"replies":[{"embeddable":true,"href":"https:\/\/thebestantique.com\/et\/wp-json\/wp\/v2\/comments?post=15378"}],"wp:featuredmedia":[{"embeddable":true,"href":"https:\/\/thebestantique.com\/et\/wp-json\/wp\/v2\/media\/15383"}],"wp:attachment":[{"href":"https:\/\/thebestantique.com\/et\/wp-json\/wp\/v2\/media?parent=15378"}],"wp:term":[{"taxonomy":"product_brand","embeddable":true,"href":"https:\/\/thebestantique.com\/et\/wp-json\/wp\/v2\/product_brand?post=15378"},{"taxonomy":"product_cat","embeddable":true,"href":"https:\/\/thebestantique.com\/et\/wp-json\/wp\/v2\/product_cat?post=15378"},{"taxonomy":"product_tag","embeddable":true,"href":"https:\/\/thebestantique.com\/et\/wp-json\/wp\/v2\/product_tag?post=15378"}],"curies":[{"name":"wp","href":"https:\/\/api.w.org\/{rel}","templated":true}]}}