{"id":15369,"date":"2023-11-03T15:44:14","date_gmt":"2023-11-03T13:44:14","guid":{"rendered":"https:\/\/thebestantique.com\/?post_type=product&#038;p=15369"},"modified":"2024-04-28T17:16:24","modified_gmt":"2024-04-28T15:16:24","slug":"a-very-rare-russian-early-soviet-decorative-axe-with-scenes-of-fishing-and-south-urals-landscape","status":"publish","type":"product","link":"https:\/\/thebestantique.com\/et\/product\/a-very-rare-russian-early-soviet-decorative-axe-with-scenes-of-fishing-and-south-urals-landscape\/","title":{"rendered":"V\u00e4ga haruldane vene (varan\u00f5ukogudeaegne) dekoratiivkirves metsa raie ja L\u00f5una-Uurali maastikuga."},"content":{"rendered":"<p>V\u00e4ga haruldane vene (varan\u00f5ukogudeaegne) dekoratiivkirves metsa raie ja L\u00f5una-Uurali maastikuga.<\/p>\n<p>Valmistatud soomustatud terasest, graveeritud, siniseks v\u00e4rvitud, kullatud ja nikeldatud. Zlatousti instrumentaaltehas, 1920. a.<\/p>\n<p>See kirves on \u00fcks arvukatest dekoratiivesemetest, mis on valmistatud mitte m\u00fc\u00fcgiks, vaid kinkimiseks N\u00f5ukogude Liidu juhtidele ning kuulsamatele poliitikutele ja t\u00f6\u00f6tegelastele.<\/p>\n<blockquote><p>Kogupikkus: 30 cm.<br \/>\nKirve m\u00f5\u00f5dud: 10,2 x 8,5 x 2,5 cm.<\/p><\/blockquote>\n<p><\/p>","protected":false},"excerpt":{"rendered":"<p>V\u00e4ga haruldane vene (varan\u00f5ukogudeaegne) dekoratiivkirves metsa raie ja L\u00f5una-Uurali maastikuga.<\/p>\n<p>Valmistatud soomustatud terasest, graveeritud, siniseks v\u00e4rvitud, kullatud ja nikeldatud. Zlatousti instrumentaaltehas, 1920. a.<\/p>\n","protected":false},"featured_media":15370,"comment_status":"closed","ping_status":"closed","template":"","meta":{"_exactmetrics_skip_tracking":false,"_exactmetrics_sitenote_active":false,"_exactmetrics_sitenote_note":"","_exactmetrics_sitenote_category":0,"_uf_show_specific_survey":0,"_uf_disable_surveys":false},"product_brand":[],"product_cat":[421],"product_tag":[],"class_list":{"0":"post-15369","1":"product","2":"type-product","3":"status-publish","4":"has-post-thumbnail","6":"product_cat-sold-items","7":"product_shipping_class-average-item-500-1500-g","9":"first","10":"outofstock","11":"shipping-taxable","12":"product-type-simple"},"aioseo_notices":[],"_links":{"self":[{"href":"https:\/\/thebestantique.com\/et\/wp-json\/wp\/v2\/product\/15369","targetHints":{"allow":["GET"]}}],"collection":[{"href":"https:\/\/thebestantique.com\/et\/wp-json\/wp\/v2\/product"}],"about":[{"href":"https:\/\/thebestantique.com\/et\/wp-json\/wp\/v2\/types\/product"}],"replies":[{"embeddable":true,"href":"https:\/\/thebestantique.com\/et\/wp-json\/wp\/v2\/comments?post=15369"}],"wp:featuredmedia":[{"embeddable":true,"href":"https:\/\/thebestantique.com\/et\/wp-json\/wp\/v2\/media\/15370"}],"wp:attachment":[{"href":"https:\/\/thebestantique.com\/et\/wp-json\/wp\/v2\/media?parent=15369"}],"wp:term":[{"taxonomy":"product_brand","embeddable":true,"href":"https:\/\/thebestantique.com\/et\/wp-json\/wp\/v2\/product_brand?post=15369"},{"taxonomy":"product_cat","embeddable":true,"href":"https:\/\/thebestantique.com\/et\/wp-json\/wp\/v2\/product_cat?post=15369"},{"taxonomy":"product_tag","embeddable":true,"href":"https:\/\/thebestantique.com\/et\/wp-json\/wp\/v2\/product_tag?post=15369"}],"curies":[{"name":"wp","href":"https:\/\/api.w.org\/{rel}","templated":true}]}}