{"id":15347,"date":"2023-09-22T15:08:24","date_gmt":"2023-09-22T13:08:24","guid":{"rendered":"https:\/\/thebestantique.com\/?post_type=product&#038;p=15347"},"modified":"2024-08-13T12:50:04","modified_gmt":"2024-08-13T10:50:04","slug":"a-finnish-horsehead-knife-puukko-made-by-reino-kankaanpaa-from-kauhava","status":"publish","type":"product","link":"https:\/\/thebestantique.com\/et\/product\/a-finnish-horsehead-knife-puukko-made-by-reino-kankaanpaa-from-kauhava\/","title":{"rendered":"Soome hobusepea nuga (Puukko), mille valmistas Reino Kankaanp\u00e4\u00e4 Kauhavalt"},"content":{"rendered":"<p>Soome hobusepea nuga (Puukko), mille valmistas Reino Kankaanp\u00e4\u00e4 Kauhavalt. Kasetohust k\u00e4epide messingist polsterdustega ja Soome L\u00f5vi vapi kleebis k\u00e4epidemel. Puitvoodriga nahast mantel.<\/p>\n<blockquote><p>M\u00f5\u00f5dud:<br \/>\nKogupikkus: 27,5 cm.<br \/>\nTera pikkus: 14,4 cm.<br \/>\nTera laius: 2,1 cm.<\/p><\/blockquote>\n<p><\/p>","protected":false},"excerpt":{"rendered":"<p>Soome hobusepea nuga (Puukko), mille valmistas Reino Kankaanp\u00e4\u00e4 Kauhavalt. Kasetohust k\u00e4epide messingist polsterdustega ja Soome L\u00f5vi vapi kleebis k\u00e4epidemel. Puitvoodriga nahast mantel.<\/p>\n","protected":false},"featured_media":15348,"comment_status":"closed","ping_status":"closed","template":"","meta":{"_exactmetrics_skip_tracking":false,"_exactmetrics_sitenote_active":false,"_exactmetrics_sitenote_note":"","_exactmetrics_sitenote_category":0,"_uf_show_specific_survey":0,"_uf_disable_surveys":false},"product_brand":[],"product_cat":[421],"product_tag":[],"class_list":{"0":"post-15347","1":"product","2":"type-product","3":"status-publish","4":"has-post-thumbnail","6":"product_cat-sold-items","7":"product_shipping_class-small-item-0-500-g","9":"first","10":"outofstock","11":"shipping-taxable","12":"product-type-simple"},"aioseo_notices":[],"_links":{"self":[{"href":"https:\/\/thebestantique.com\/et\/wp-json\/wp\/v2\/product\/15347","targetHints":{"allow":["GET"]}}],"collection":[{"href":"https:\/\/thebestantique.com\/et\/wp-json\/wp\/v2\/product"}],"about":[{"href":"https:\/\/thebestantique.com\/et\/wp-json\/wp\/v2\/types\/product"}],"replies":[{"embeddable":true,"href":"https:\/\/thebestantique.com\/et\/wp-json\/wp\/v2\/comments?post=15347"}],"wp:featuredmedia":[{"embeddable":true,"href":"https:\/\/thebestantique.com\/et\/wp-json\/wp\/v2\/media\/15348"}],"wp:attachment":[{"href":"https:\/\/thebestantique.com\/et\/wp-json\/wp\/v2\/media?parent=15347"}],"wp:term":[{"taxonomy":"product_brand","embeddable":true,"href":"https:\/\/thebestantique.com\/et\/wp-json\/wp\/v2\/product_brand?post=15347"},{"taxonomy":"product_cat","embeddable":true,"href":"https:\/\/thebestantique.com\/et\/wp-json\/wp\/v2\/product_cat?post=15347"},{"taxonomy":"product_tag","embeddable":true,"href":"https:\/\/thebestantique.com\/et\/wp-json\/wp\/v2\/product_tag?post=15347"}],"curies":[{"name":"wp","href":"https:\/\/api.w.org\/{rel}","templated":true}]}}