{"id":15335,"date":"2023-09-22T11:45:07","date_gmt":"2023-09-22T09:45:07","guid":{"rendered":"https:\/\/thebestantique.com\/?post_type=product&#038;p=15335"},"modified":"2024-03-04T14:03:38","modified_gmt":"2024-03-04T12:03:38","slug":"a-bavarian-presentation-hirswanger-dagger-sword","status":"publish","type":"product","link":"https:\/\/thebestantique.com\/et\/product\/a-bavarian-presentation-hirswanger-dagger-sword\/","title":{"rendered":"Baieri esitlus hirswanger, pistoda, m\u00f5\u00f5k kaunistatud sinise kullatava teraga"},"content":{"rendered":"<p>Baieri esitlus hirswanger, pistoda, m\u00f5\u00f5k kaunistatud sinise kullatava teraga. See on v\u00e4ga pikk.<br \/>\nHea seisukord. Lisateabe saamiseks vaadake lisapilte.<\/p>\n<p>19. sajandi l\u00f5pp 20. sajandi algus.<\/p>\n<p>&nbsp;<\/p>\n<blockquote><p>M\u00f5\u00f5dud:<br \/>\nKogupikkus: 78,5 cm.<br \/>\nTera pikkus: 63 cm.<br \/>\nTera laius: 2,5 cm.<\/p><\/blockquote>\n<p><\/p>","protected":false},"excerpt":{"rendered":"<p>Baieri esitlus hirswanger, pistoda, m\u00f5\u00f5k kaunistatud sinise kullatava teraga. See on v\u00e4ga pikk.<br \/>\nHea seisukord.<\/p>\n","protected":false},"featured_media":15339,"comment_status":"closed","ping_status":"closed","template":"","meta":{"_exactmetrics_skip_tracking":false,"_exactmetrics_sitenote_active":false,"_exactmetrics_sitenote_note":"","_exactmetrics_sitenote_category":0,"_uf_show_specific_survey":0,"_uf_disable_surveys":false},"product_brand":[],"product_cat":[421],"product_tag":[],"class_list":{"0":"post-15335","1":"product","2":"type-product","3":"status-publish","4":"has-post-thumbnail","6":"product_cat-sold-items","7":"product_shipping_class-average-item-500-1500-g","9":"first","10":"outofstock","11":"shipping-taxable","12":"product-type-simple"},"aioseo_notices":[],"_links":{"self":[{"href":"https:\/\/thebestantique.com\/et\/wp-json\/wp\/v2\/product\/15335","targetHints":{"allow":["GET"]}}],"collection":[{"href":"https:\/\/thebestantique.com\/et\/wp-json\/wp\/v2\/product"}],"about":[{"href":"https:\/\/thebestantique.com\/et\/wp-json\/wp\/v2\/types\/product"}],"replies":[{"embeddable":true,"href":"https:\/\/thebestantique.com\/et\/wp-json\/wp\/v2\/comments?post=15335"}],"wp:featuredmedia":[{"embeddable":true,"href":"https:\/\/thebestantique.com\/et\/wp-json\/wp\/v2\/media\/15339"}],"wp:attachment":[{"href":"https:\/\/thebestantique.com\/et\/wp-json\/wp\/v2\/media?parent=15335"}],"wp:term":[{"taxonomy":"product_brand","embeddable":true,"href":"https:\/\/thebestantique.com\/et\/wp-json\/wp\/v2\/product_brand?post=15335"},{"taxonomy":"product_cat","embeddable":true,"href":"https:\/\/thebestantique.com\/et\/wp-json\/wp\/v2\/product_cat?post=15335"},{"taxonomy":"product_tag","embeddable":true,"href":"https:\/\/thebestantique.com\/et\/wp-json\/wp\/v2\/product_tag?post=15335"}],"curies":[{"name":"wp","href":"https:\/\/api.w.org\/{rel}","templated":true}]}}