{"id":15315,"date":"2023-06-06T13:28:09","date_gmt":"2023-06-06T11:28:09","guid":{"rendered":"https:\/\/thebestantique.com\/?post_type=product&#038;p=15315"},"modified":"2023-06-06T13:29:21","modified_gmt":"2023-06-06T11:29:21","slug":"an-antique-european-bronze-sculpture-of-key-holder","status":"publish","type":"product","link":"https:\/\/thebestantique.com\/et\/product\/an-antique-european-bronze-sculpture-of-key-holder\/","title":{"rendered":"Antiikne Euroopa pronksist skulptuur &#8220;V\u00f5tmehoidja&#8221;"},"content":{"rendered":"<p>Antiikne Euroopa pronksist skulptuur &#8220;V\u00f5tmehoidja&#8221;.<\/p>\n<p>19. sajand. Pronks, kullatud. V\u00e4ga detailne t\u00f6\u00f6.<br \/>\nPeal ja k\u00e4el m\u00f5ned v\u00e4ikesed kriimud.<\/p>\n<blockquote><p>\nK\u00f5rgus: 40 cm.<\/p><\/blockquote>\n<p><\/p>","protected":false},"excerpt":{"rendered":"<p>Antiikne Euroopa pronksist skulptuur &#8220;V\u00f5tmehoidja&#8221;.<\/p>\n<p>19. sajand. Pronks, kullatud. V\u00e4ga detailne t\u00f6\u00f6.<\/p>\n","protected":false},"featured_media":15316,"comment_status":"closed","ping_status":"closed","template":"","meta":{"_exactmetrics_skip_tracking":false,"_exactmetrics_sitenote_active":false,"_exactmetrics_sitenote_note":"","_exactmetrics_sitenote_category":0,"_uf_show_specific_survey":0,"_uf_disable_surveys":false},"product_brand":[],"product_cat":[12],"product_tag":[],"class_list":{"0":"post-15315","1":"product","2":"type-product","3":"status-publish","4":"has-post-thumbnail","6":"product_cat-bronze","7":"product_shipping_class-big-item-1500-3000-g","9":"first","10":"instock","11":"shipping-taxable","12":"purchasable","13":"product-type-simple"},"aioseo_notices":[],"_links":{"self":[{"href":"https:\/\/thebestantique.com\/et\/wp-json\/wp\/v2\/product\/15315","targetHints":{"allow":["GET"]}}],"collection":[{"href":"https:\/\/thebestantique.com\/et\/wp-json\/wp\/v2\/product"}],"about":[{"href":"https:\/\/thebestantique.com\/et\/wp-json\/wp\/v2\/types\/product"}],"replies":[{"embeddable":true,"href":"https:\/\/thebestantique.com\/et\/wp-json\/wp\/v2\/comments?post=15315"}],"wp:featuredmedia":[{"embeddable":true,"href":"https:\/\/thebestantique.com\/et\/wp-json\/wp\/v2\/media\/15316"}],"wp:attachment":[{"href":"https:\/\/thebestantique.com\/et\/wp-json\/wp\/v2\/media?parent=15315"}],"wp:term":[{"taxonomy":"product_brand","embeddable":true,"href":"https:\/\/thebestantique.com\/et\/wp-json\/wp\/v2\/product_brand?post=15315"},{"taxonomy":"product_cat","embeddable":true,"href":"https:\/\/thebestantique.com\/et\/wp-json\/wp\/v2\/product_cat?post=15315"},{"taxonomy":"product_tag","embeddable":true,"href":"https:\/\/thebestantique.com\/et\/wp-json\/wp\/v2\/product_tag?post=15315"}],"curies":[{"name":"wp","href":"https:\/\/api.w.org\/{rel}","templated":true}]}}