{"id":15297,"date":"2023-05-19T13:38:27","date_gmt":"2023-05-19T11:38:27","guid":{"rendered":"https:\/\/thebestantique.com\/?post_type=product&#038;p=15297"},"modified":"2023-05-19T13:38:28","modified_gmt":"2023-05-19T11:38:28","slug":"an-extremely-rare-french-gilded-damascus-hunting-knife-with-boar-heads","status":"publish","type":"product","link":"https:\/\/thebestantique.com\/et\/product\/an-extremely-rare-french-gilded-damascus-hunting-knife-with-boar-heads\/","title":{"rendered":"\u00c4\u00e4rmiselt haruldane prantsuse kullatud Damaskuse jahinuga"},"content":{"rendered":"<p>\u00c4\u00e4rmiselt haruldane prantsuse kullatud Damaskuse jahinuga kuldipeadega metallkinnitustes. V\u00e4ga kvaliteetselt valmistatud.<\/p>\n<p>See on valmistatud umbes 1850 a. Kena damaskuse tera kullamise ja graveeringutega.<br \/>\nTera v\u00e4ikeste kahjustuste ja kriimudega.<\/p>\n<blockquote><p>M\u00f5\u00f5dud:<br \/>\nKogupikkus: ,78 cm.<br \/>\nTera pikkus: 58,5 cm.<br \/>\nTera laius: 3,1 cm.<\/p><\/blockquote>\n<p><\/p>","protected":false},"excerpt":{"rendered":"<p>\u00c4\u00e4rmiselt haruldane prantsuse kullatud Damaskuse jahinuga kuldipeadega metallkinnitustes. V\u00e4ga kvaliteetselt valmistatud.<\/p>\n<p>See on valmistatud umbes 1850 a. Kena damaskuse tera kullamise ja graveeringutega.<\/p>\n","protected":false},"featured_media":15298,"comment_status":"closed","ping_status":"closed","template":"","meta":{"_exactmetrics_skip_tracking":false,"_exactmetrics_sitenote_active":false,"_exactmetrics_sitenote_note":"","_exactmetrics_sitenote_category":0,"_uf_show_specific_survey":0,"_uf_disable_surveys":false},"product_brand":[],"product_cat":[36,312],"product_tag":[74],"class_list":{"0":"post-15297","1":"product","2":"type-product","3":"status-publish","4":"has-post-thumbnail","6":"product_cat-daggers","7":"product_cat-damascus-blades","8":"product_tag-hunting-knifes","9":"product_shipping_class-fedex-tube","11":"first","12":"instock","13":"shipping-taxable","14":"purchasable","15":"product-type-simple"},"aioseo_notices":[],"_links":{"self":[{"href":"https:\/\/thebestantique.com\/et\/wp-json\/wp\/v2\/product\/15297","targetHints":{"allow":["GET"]}}],"collection":[{"href":"https:\/\/thebestantique.com\/et\/wp-json\/wp\/v2\/product"}],"about":[{"href":"https:\/\/thebestantique.com\/et\/wp-json\/wp\/v2\/types\/product"}],"replies":[{"embeddable":true,"href":"https:\/\/thebestantique.com\/et\/wp-json\/wp\/v2\/comments?post=15297"}],"wp:featuredmedia":[{"embeddable":true,"href":"https:\/\/thebestantique.com\/et\/wp-json\/wp\/v2\/media\/15298"}],"wp:attachment":[{"href":"https:\/\/thebestantique.com\/et\/wp-json\/wp\/v2\/media?parent=15297"}],"wp:term":[{"taxonomy":"product_brand","embeddable":true,"href":"https:\/\/thebestantique.com\/et\/wp-json\/wp\/v2\/product_brand?post=15297"},{"taxonomy":"product_cat","embeddable":true,"href":"https:\/\/thebestantique.com\/et\/wp-json\/wp\/v2\/product_cat?post=15297"},{"taxonomy":"product_tag","embeddable":true,"href":"https:\/\/thebestantique.com\/et\/wp-json\/wp\/v2\/product_tag?post=15297"}],"curies":[{"name":"wp","href":"https:\/\/api.w.org\/{rel}","templated":true}]}}