{"id":15290,"date":"2023-05-19T11:18:01","date_gmt":"2023-05-19T09:18:01","guid":{"rendered":"https:\/\/thebestantique.com\/?post_type=product&#038;p=15290"},"modified":"2026-02-16T12:56:42","modified_gmt":"2026-02-16T10:56:42","slug":"a-caucasian-dagger-with-silver-niello","status":"publish","type":"product","link":"https:\/\/thebestantique.com\/et\/product\/a-caucasian-dagger-with-silver-niello\/","title":{"rendered":"Kaukaasia Gruusia Kindjal h\u00f5beda, filigraani ja Nielloga."},"content":{"rendered":"<p>Kaukaasia Gruusia Kindjal h\u00f5beda, filigraani ja Nielloga. K\u00e4epideme tagak\u00fcljel on kuldsed nupud, millel on graveeritud A-t\u00e4ht.<\/p>\n<p>Gruusia. 20 sajandi algus.<\/p>\n<blockquote><p>M\u00f5\u00f5dud:<br \/>\nKogupikkus: 51,5 cm.<br \/>\nTera pikkus: 34 cm.<br \/>\nTera laius: 3,5 cm.<\/p><\/blockquote>\n<p><\/p>","protected":false},"excerpt":{"rendered":"<p>Kaukaasia Gruusia Kindjal h\u00f5beda, filigraani ja Nielloga. K\u00e4epideme tagak\u00fcljel on kuldsed nupud, millel on graveeritud A-t\u00e4ht.<\/p>\n<p>Gruusia. 20 sajandi algus.<\/p>\n","protected":false},"featured_media":15291,"comment_status":"closed","ping_status":"closed","template":"","meta":{"_exactmetrics_skip_tracking":false,"_exactmetrics_sitenote_active":false,"_exactmetrics_sitenote_note":"","_exactmetrics_sitenote_category":0,"_uf_show_specific_survey":0,"_uf_disable_surveys":false},"product_brand":[],"product_cat":[36],"product_tag":[1816],"class_list":{"0":"post-15290","1":"product","2":"type-product","3":"status-publish","4":"has-post-thumbnail","6":"product_cat-daggers","7":"product_tag-kindjal","8":"product_shipping_class-average-item-500-1500-g","10":"first","11":"instock","12":"shipping-taxable","13":"purchasable","14":"product-type-simple"},"aioseo_notices":[],"_links":{"self":[{"href":"https:\/\/thebestantique.com\/et\/wp-json\/wp\/v2\/product\/15290","targetHints":{"allow":["GET"]}}],"collection":[{"href":"https:\/\/thebestantique.com\/et\/wp-json\/wp\/v2\/product"}],"about":[{"href":"https:\/\/thebestantique.com\/et\/wp-json\/wp\/v2\/types\/product"}],"replies":[{"embeddable":true,"href":"https:\/\/thebestantique.com\/et\/wp-json\/wp\/v2\/comments?post=15290"}],"wp:featuredmedia":[{"embeddable":true,"href":"https:\/\/thebestantique.com\/et\/wp-json\/wp\/v2\/media\/15291"}],"wp:attachment":[{"href":"https:\/\/thebestantique.com\/et\/wp-json\/wp\/v2\/media?parent=15290"}],"wp:term":[{"taxonomy":"product_brand","embeddable":true,"href":"https:\/\/thebestantique.com\/et\/wp-json\/wp\/v2\/product_brand?post=15290"},{"taxonomy":"product_cat","embeddable":true,"href":"https:\/\/thebestantique.com\/et\/wp-json\/wp\/v2\/product_cat?post=15290"},{"taxonomy":"product_tag","embeddable":true,"href":"https:\/\/thebestantique.com\/et\/wp-json\/wp\/v2\/product_tag?post=15290"}],"curies":[{"name":"wp","href":"https:\/\/api.w.org\/{rel}","templated":true}]}}