{"id":15273,"date":"2023-05-19T10:57:23","date_gmt":"2023-05-19T08:57:23","guid":{"rendered":"https:\/\/thebestantique.com\/?post_type=product&#038;p=15273"},"modified":"2024-01-03T16:15:09","modified_gmt":"2024-01-03T14:15:09","slug":"a-caucasian-silver-shashka-with-niello-and-engraved-blade-gasan","status":"publish","type":"product","link":"https:\/\/thebestantique.com\/et\/product\/a-caucasian-silver-shashka-with-niello-and-engraved-blade-gasan\/","title":{"rendered":"GASANi kaunis kaukaasia h\u00f5bedane \u0161a\u0161ka Niello ja graveeritud teraga"},"content":{"rendered":"<p>GASANi kaunis kaukaasia h\u00f5bedane \u0161a\u0161ka Niello ja graveeritud teraga. Tera teisele k\u00fcljele on graveeritud NII ja lillemotiivid.<\/p>\n<p>Shashka valmistati Dagestanis. Tera valmistatud Gasani poolt Vladikovkazis.<\/p>\n<p>H\u00f5bem\u00e4rgid 84, GA kirillitsas.<\/p>\n<p>&nbsp;<\/p>\n<blockquote><p>\nM\u00f5\u00f5dud:<br \/>\nKogupikkus: 97 cm.<br \/>\nTera pikkus: 78,5 cm.<br \/>\nTera laius: 3,5 cm.<\/p><\/blockquote>\n<p><\/p>","protected":false},"excerpt":{"rendered":"<p>GASANi kaunis kaukaasia h\u00f5bedane \u0161a\u0161ka Niello ja graveeritud teraga. Tera teisele k\u00fcljele on graveeritud NII ja lillemotiivid.<\/p>\n<p>Shashka valmistati Dagestanis. Tera valmistatud Gasani poolt Vladikovkazis.<\/p>\n","protected":false},"featured_media":15274,"comment_status":"closed","ping_status":"closed","template":"","meta":{"_exactmetrics_skip_tracking":false,"_exactmetrics_sitenote_active":false,"_exactmetrics_sitenote_note":"","_exactmetrics_sitenote_category":0,"_uf_show_specific_survey":0,"_uf_disable_surveys":false},"product_brand":[],"product_cat":[421],"product_tag":[1587],"class_list":{"0":"post-15273","1":"product","2":"type-product","3":"status-publish","4":"has-post-thumbnail","6":"product_cat-sold-items","7":"product_tag-shashka","8":"product_shipping_class-fedex-tube","10":"first","11":"outofstock","12":"shipping-taxable","13":"product-type-simple"},"aioseo_notices":[],"_links":{"self":[{"href":"https:\/\/thebestantique.com\/et\/wp-json\/wp\/v2\/product\/15273","targetHints":{"allow":["GET"]}}],"collection":[{"href":"https:\/\/thebestantique.com\/et\/wp-json\/wp\/v2\/product"}],"about":[{"href":"https:\/\/thebestantique.com\/et\/wp-json\/wp\/v2\/types\/product"}],"replies":[{"embeddable":true,"href":"https:\/\/thebestantique.com\/et\/wp-json\/wp\/v2\/comments?post=15273"}],"wp:featuredmedia":[{"embeddable":true,"href":"https:\/\/thebestantique.com\/et\/wp-json\/wp\/v2\/media\/15274"}],"wp:attachment":[{"href":"https:\/\/thebestantique.com\/et\/wp-json\/wp\/v2\/media?parent=15273"}],"wp:term":[{"taxonomy":"product_brand","embeddable":true,"href":"https:\/\/thebestantique.com\/et\/wp-json\/wp\/v2\/product_brand?post=15273"},{"taxonomy":"product_cat","embeddable":true,"href":"https:\/\/thebestantique.com\/et\/wp-json\/wp\/v2\/product_cat?post=15273"},{"taxonomy":"product_tag","embeddable":true,"href":"https:\/\/thebestantique.com\/et\/wp-json\/wp\/v2\/product_tag?post=15273"}],"curies":[{"name":"wp","href":"https:\/\/api.w.org\/{rel}","templated":true}]}}