{"id":15265,"date":"2023-05-18T17:36:43","date_gmt":"2023-05-18T15:36:43","guid":{"rendered":"https:\/\/thebestantique.com\/?post_type=product&#038;p=15265"},"modified":"2023-07-20T10:26:46","modified_gmt":"2023-07-20T08:26:46","slug":"model-1881-1909-imperial-russian-dragoon-officer-shashka","status":"publish","type":"product","link":"https:\/\/thebestantique.com\/et\/product\/model-1881-1909-imperial-russian-dragoon-officer-shashka\/","title":{"rendered":"Mudel-1881\/1909. Vene keiserlik draguuniohvitser \u0160a\u0161ka"},"content":{"rendered":"<p>Mudel-1881\/1909. Vene keiserlik draguuniohvitser \u0160a\u0161ka .<\/p>\n<p>Messing, nahast tupp. M\u00f5\u00f5gal on keiser Nikolai II monogramm ja kahep\u00e4ine kotkas.<br \/>\nNikolas II monogramm eemaldati k\u00e4epidemest, mis t\u00e4hendab, et seda kasutati ajutise valitsuse ajal.<\/p>\n<p>K\u00e4epidemel on v\u00e4ikesed praod, mida v\u00f5ite n\u00e4ha piltidel.<\/p>\n<blockquote><p>M\u00f5\u00f5dud:<br \/>\nKogupikkus: 96 cm.<br \/>\nTera pikkus: 75,7 cm.<br \/>\nTera laius: 3 cm.<\/p><\/blockquote>\n<p><\/p>","protected":false},"excerpt":{"rendered":"<p>Mudel-1881\/1909. Vene keiserlik draguuniohvitser \u0160a\u0161ka .<\/p>\n<p>Messing, nahast tupp. M\u00f5\u00f5gal on keiser Nikolai II monogramm ja kahep\u00e4ine kotkas.<br \/>\nNikolas II monogramm eemaldati k\u00e4epidemest, mis t\u00e4hendab, et seda kasutati ajutise valitsuse ajal.<\/p>\n","protected":false},"featured_media":15266,"comment_status":"closed","ping_status":"closed","template":"","meta":{"_exactmetrics_skip_tracking":false,"_exactmetrics_sitenote_active":false,"_exactmetrics_sitenote_note":"","_exactmetrics_sitenote_category":0,"_uf_show_specific_survey":0,"_uf_disable_surveys":false},"product_brand":[],"product_cat":[421],"product_tag":[1587],"class_list":{"0":"post-15265","1":"product","2":"type-product","3":"status-publish","4":"has-post-thumbnail","6":"product_cat-sold-items","7":"product_tag-shashka","8":"product_shipping_class-fedex-tube","10":"first","11":"outofstock","12":"shipping-taxable","13":"product-type-simple"},"aioseo_notices":[],"_links":{"self":[{"href":"https:\/\/thebestantique.com\/et\/wp-json\/wp\/v2\/product\/15265","targetHints":{"allow":["GET"]}}],"collection":[{"href":"https:\/\/thebestantique.com\/et\/wp-json\/wp\/v2\/product"}],"about":[{"href":"https:\/\/thebestantique.com\/et\/wp-json\/wp\/v2\/types\/product"}],"replies":[{"embeddable":true,"href":"https:\/\/thebestantique.com\/et\/wp-json\/wp\/v2\/comments?post=15265"}],"wp:featuredmedia":[{"embeddable":true,"href":"https:\/\/thebestantique.com\/et\/wp-json\/wp\/v2\/media\/15266"}],"wp:attachment":[{"href":"https:\/\/thebestantique.com\/et\/wp-json\/wp\/v2\/media?parent=15265"}],"wp:term":[{"taxonomy":"product_brand","embeddable":true,"href":"https:\/\/thebestantique.com\/et\/wp-json\/wp\/v2\/product_brand?post=15265"},{"taxonomy":"product_cat","embeddable":true,"href":"https:\/\/thebestantique.com\/et\/wp-json\/wp\/v2\/product_cat?post=15265"},{"taxonomy":"product_tag","embeddable":true,"href":"https:\/\/thebestantique.com\/et\/wp-json\/wp\/v2\/product_tag?post=15265"}],"curies":[{"name":"wp","href":"https:\/\/api.w.org\/{rel}","templated":true}]}}