{"id":15236,"date":"2023-05-17T14:14:29","date_gmt":"2023-05-17T12:14:29","guid":{"rendered":"https:\/\/thebestantique.com\/?post_type=product&#038;p=15236"},"modified":"2023-05-22T19:44:54","modified_gmt":"2023-05-22T17:44:54","slug":"model-1881-russian-dragoon-soldier-shashka","status":"publish","type":"product","link":"https:\/\/thebestantique.com\/et\/product\/model-1881-russian-dragoon-soldier-shashka\/","title":{"rendered":"Mudel-1881 Vene dragoons\u00f5dur shashka. Bulgaaria valmistatud"},"content":{"rendered":"<p>Mudel-1881 Vene dragoons\u00f5dur shashka. Bulgaaria valmistatud.<\/p>\n<p>Tera on tellitud Austrias Viinis.<\/p>\n<p>V\u00e4ga haruldane ja tore n\u00e4ide seda t\u00fc\u00fcpi \u0161a\u0161kast. K\u00e4epide on valmistatud traadist ja kalanahast.<\/p>\n<p>Kogupikkus: 99 cm.<br \/>\nTera pikkus: 83,5 cm.<br \/>\nTera laius: 3,2 cm.<\/p>","protected":false},"excerpt":{"rendered":"<p>Mudel-1881 Vene dragoons\u00f5dur shashka. Bulgaaria valmistatud.<\/p>\n<p>Tera on tellitud Austrias Viinis.<\/p>\n<p>V\u00e4ga haruldane ja tore n\u00e4ide seda t\u00fc\u00fcpi \u0161a\u0161kast. K\u00e4epide on valmistatud traadist ja kalanahast.<\/p>\n","protected":false},"featured_media":15271,"comment_status":"closed","ping_status":"closed","template":"","meta":{"_exactmetrics_skip_tracking":false,"_exactmetrics_sitenote_active":false,"_exactmetrics_sitenote_note":"","_exactmetrics_sitenote_category":0,"_uf_show_specific_survey":0,"_uf_disable_surveys":false},"product_brand":[],"product_cat":[421],"product_tag":[],"class_list":{"0":"post-15236","1":"product","2":"type-product","3":"status-publish","4":"has-post-thumbnail","6":"product_cat-sold-items","7":"product_shipping_class-free-shipping","9":"first","10":"outofstock","11":"shipping-taxable","12":"product-type-simple"},"aioseo_notices":[],"_links":{"self":[{"href":"https:\/\/thebestantique.com\/et\/wp-json\/wp\/v2\/product\/15236","targetHints":{"allow":["GET"]}}],"collection":[{"href":"https:\/\/thebestantique.com\/et\/wp-json\/wp\/v2\/product"}],"about":[{"href":"https:\/\/thebestantique.com\/et\/wp-json\/wp\/v2\/types\/product"}],"replies":[{"embeddable":true,"href":"https:\/\/thebestantique.com\/et\/wp-json\/wp\/v2\/comments?post=15236"}],"wp:featuredmedia":[{"embeddable":true,"href":"https:\/\/thebestantique.com\/et\/wp-json\/wp\/v2\/media\/15271"}],"wp:attachment":[{"href":"https:\/\/thebestantique.com\/et\/wp-json\/wp\/v2\/media?parent=15236"}],"wp:term":[{"taxonomy":"product_brand","embeddable":true,"href":"https:\/\/thebestantique.com\/et\/wp-json\/wp\/v2\/product_brand?post=15236"},{"taxonomy":"product_cat","embeddable":true,"href":"https:\/\/thebestantique.com\/et\/wp-json\/wp\/v2\/product_cat?post=15236"},{"taxonomy":"product_tag","embeddable":true,"href":"https:\/\/thebestantique.com\/et\/wp-json\/wp\/v2\/product_tag?post=15236"}],"curies":[{"name":"wp","href":"https:\/\/api.w.org\/{rel}","templated":true}]}}