{"id":15230,"date":"2023-05-17T12:19:05","date_gmt":"2023-05-17T10:19:05","guid":{"rendered":"https:\/\/thebestantique.com\/?post_type=product&#038;p=15230"},"modified":"2023-05-22T19:42:02","modified_gmt":"2023-05-22T17:42:02","slug":"type-1927y-russian-soviet-shashka-sword-saber-with-rare-type-of-the-head-2","status":"publish","type":"product","link":"https:\/\/thebestantique.com\/et\/product\/type-1927y-russian-soviet-shashka-sword-saber-with-rare-type-of-the-head-2\/","title":{"rendered":"T\u00fc\u00fcp 1927 a. Vene N\u00f5ukogude \u0161a\u0161ka, m\u00f5\u00f5k, haruldase peaga m\u00f5\u00f5k"},"content":{"rendered":"<p>T\u00fc\u00fcp 1927 a. Vene N\u00f5ukogude \u0161a\u0161ka, m\u00f5\u00f5k, haruldase peaga m\u00f5\u00f5k.<\/p>\n<p>Sellel on palju templed \u00fcle kogu shashka. M\u00e4rgistatud Zlatoust State Factory templiga. Selle kohta lisateabe saamiseks vaadake pilte. Seda t\u00fc\u00fcpi pead toodeti vaid paar aastat.<\/p>\n<p>See \u0161a\u0161ka on valmistatud 1928. aastal. V\u00e4ga ilus kollektsiooni seisukord.<\/p>\n<blockquote><p>M\u00f5\u00f5dud:<\/p>\n<p>T\u00e4ispikkus koos tupega 97 cm.<\/p>\n<p>Tera pikkus: 80,5 cm.<\/p>\n<p>Tera laius: 3,4 cm.<\/p><\/blockquote>\n<p><\/p>","protected":false},"excerpt":{"rendered":"<p>T\u00fc\u00fcp 1927 a. Vene N\u00f5ukogude \u0161a\u0161ka, m\u00f5\u00f5k, haruldase peaga m\u00f5\u00f5k.<\/p>\n<p>Sellel on palju stappe \u00fcle kogu shashka. M\u00e4rgistatud Zlatoust State Factory templiga. Selle kohta lisateabe saamiseks vaadake pilte. Seda t\u00fc\u00fcpi pead toodeti vaid paar aastat.<\/p>\n","protected":false},"featured_media":15231,"comment_status":"closed","ping_status":"closed","template":"","meta":{"_exactmetrics_skip_tracking":false,"_exactmetrics_sitenote_active":false,"_exactmetrics_sitenote_note":"","_exactmetrics_sitenote_category":0,"_uf_show_specific_survey":0,"_uf_disable_surveys":false},"product_brand":[],"product_cat":[421],"product_tag":[1587],"class_list":{"0":"post-15230","1":"product","2":"type-product","3":"status-publish","4":"has-post-thumbnail","6":"product_cat-sold-items","7":"product_tag-shashka","8":"product_shipping_class-average-item-500-1500-g","10":"first","11":"outofstock","12":"shipping-taxable","13":"purchasable","14":"product-type-simple"},"aioseo_notices":[],"_links":{"self":[{"href":"https:\/\/thebestantique.com\/et\/wp-json\/wp\/v2\/product\/15230","targetHints":{"allow":["GET"]}}],"collection":[{"href":"https:\/\/thebestantique.com\/et\/wp-json\/wp\/v2\/product"}],"about":[{"href":"https:\/\/thebestantique.com\/et\/wp-json\/wp\/v2\/types\/product"}],"replies":[{"embeddable":true,"href":"https:\/\/thebestantique.com\/et\/wp-json\/wp\/v2\/comments?post=15230"}],"wp:featuredmedia":[{"embeddable":true,"href":"https:\/\/thebestantique.com\/et\/wp-json\/wp\/v2\/media\/15231"}],"wp:attachment":[{"href":"https:\/\/thebestantique.com\/et\/wp-json\/wp\/v2\/media?parent=15230"}],"wp:term":[{"taxonomy":"product_brand","embeddable":true,"href":"https:\/\/thebestantique.com\/et\/wp-json\/wp\/v2\/product_brand?post=15230"},{"taxonomy":"product_cat","embeddable":true,"href":"https:\/\/thebestantique.com\/et\/wp-json\/wp\/v2\/product_cat?post=15230"},{"taxonomy":"product_tag","embeddable":true,"href":"https:\/\/thebestantique.com\/et\/wp-json\/wp\/v2\/product_tag?post=15230"}],"curies":[{"name":"wp","href":"https:\/\/api.w.org\/{rel}","templated":true}]}}