{"id":15153,"date":"2023-05-12T16:18:49","date_gmt":"2023-05-12T14:18:49","guid":{"rendered":"https:\/\/thebestantique.com\/?post_type=product&#038;p=15153"},"modified":"2025-05-02T13:28:46","modified_gmt":"2025-05-02T11:28:46","slug":"bronze-sculpture-of-a-musketeer-in-full-human-growth","status":"publish","type":"product","link":"https:\/\/thebestantique.com\/et\/product\/bronze-sculpture-of-a-musketeer-in-full-human-growth\/","title":{"rendered":"Pronksskulptuur d&#8217;Artagnani musket\u00e4rist t\u00e4ies inimkasvus"},"content":{"rendered":"<p>Pronksskulptuur d&#8217;Artagnani musket\u00e4rist t\u00e4ies inimkasvus V\u00e4ga detailne ja h\u00e4sti tehtud.<\/p>\n<p>Suurep\u00e4rane kodu v\u00f5i aia kaunistamiseks v\u00f5i restorani kaunistamiseks.<\/p>\n<p>20 sajand.<\/p>\n<p>Sarnane Hollandis, Maastricht: Hollandi kuju, Maastricht: d&#8217;Artagnani kuju, tuntud kui d&#8217;Artagnani.<br \/>\nhttps:\/\/maastrichtvestingstad.nl\/en\/ontdek\/dartagnan\/<\/p>\n<blockquote><p>Figuuri k\u00f5rgus: 175 cm.<br \/>\nKaal ca: 80-100 kg.<\/p><\/blockquote>\n<p><\/p>","protected":false},"excerpt":{"rendered":"<p>Pronksskulptuur musket\u00e4rist t\u00e4ies inimkasvus. V\u00e4ga detailne ja h\u00e4sti tehtud.<\/p>\n","protected":false},"featured_media":15163,"comment_status":"closed","ping_status":"closed","template":"","meta":{"_exactmetrics_skip_tracking":false,"_exactmetrics_sitenote_active":false,"_exactmetrics_sitenote_note":"","_exactmetrics_sitenote_category":0,"_uf_show_specific_survey":0,"_uf_disable_surveys":false},"product_brand":[],"product_cat":[12],"product_tag":[],"class_list":{"0":"post-15153","1":"product","2":"type-product","3":"status-publish","4":"has-post-thumbnail","6":"product_cat-bronze","8":"first","9":"instock","10":"shipping-taxable","11":"purchasable","12":"product-type-simple"},"aioseo_notices":[],"_links":{"self":[{"href":"https:\/\/thebestantique.com\/et\/wp-json\/wp\/v2\/product\/15153","targetHints":{"allow":["GET"]}}],"collection":[{"href":"https:\/\/thebestantique.com\/et\/wp-json\/wp\/v2\/product"}],"about":[{"href":"https:\/\/thebestantique.com\/et\/wp-json\/wp\/v2\/types\/product"}],"replies":[{"embeddable":true,"href":"https:\/\/thebestantique.com\/et\/wp-json\/wp\/v2\/comments?post=15153"}],"wp:featuredmedia":[{"embeddable":true,"href":"https:\/\/thebestantique.com\/et\/wp-json\/wp\/v2\/media\/15163"}],"wp:attachment":[{"href":"https:\/\/thebestantique.com\/et\/wp-json\/wp\/v2\/media?parent=15153"}],"wp:term":[{"taxonomy":"product_brand","embeddable":true,"href":"https:\/\/thebestantique.com\/et\/wp-json\/wp\/v2\/product_brand?post=15153"},{"taxonomy":"product_cat","embeddable":true,"href":"https:\/\/thebestantique.com\/et\/wp-json\/wp\/v2\/product_cat?post=15153"},{"taxonomy":"product_tag","embeddable":true,"href":"https:\/\/thebestantique.com\/et\/wp-json\/wp\/v2\/product_tag?post=15153"}],"curies":[{"name":"wp","href":"https:\/\/api.w.org\/{rel}","templated":true}]}}