{"id":15143,"date":"2023-05-12T15:47:04","date_gmt":"2023-05-12T13:47:04","guid":{"rendered":"https:\/\/thebestantique.com\/?post_type=product&#038;p=15143"},"modified":"2023-05-12T15:47:05","modified_gmt":"2023-05-12T13:47:05","slug":"platonov-semyon-sergeevich-forest-bank-of-the-river","status":"publish","type":"product","link":"https:\/\/thebestantique.com\/et\/product\/platonov-semyon-sergeevich-forest-bank-of-the-river\/","title":{"rendered":"Maal &#8220;J\u00f5e metsakallas&#8221;. Platonov Semjon Sergejevit\u0161 (1860-1925)"},"content":{"rendered":"<p>Maal &#8220;J\u00f5e metsakallas&#8221;. Platonov Semjon Sergejevit\u0161 (1860-1925). Allkiri vasakus alanurgas.<\/p>\n<p>&nbsp;<\/p>\n<blockquote><p>\nMaali m\u00f5\u00f5dud: 39,2 x 20 cm.<\/p>\n<p>M\u00f5\u00f5dud koos raamiga: 56 x 35,5 cm.<\/p><\/blockquote>\n<p><\/p>","protected":false},"excerpt":{"rendered":"<p>Maal &#8220;J\u00f5e metsakallas&#8221;. Platonov Semjon Sergejevit\u0161 (1860-1925). Allkiri vasakus alanurgas.<\/p>\n","protected":false},"featured_media":15144,"comment_status":"closed","ping_status":"closed","template":"","meta":{"_exactmetrics_skip_tracking":false,"_exactmetrics_sitenote_active":false,"_exactmetrics_sitenote_note":"","_exactmetrics_sitenote_category":0,"_uf_show_specific_survey":0,"_uf_disable_surveys":false},"product_brand":[],"product_cat":[332],"product_tag":[1822],"class_list":{"0":"post-15143","1":"product","2":"type-product","3":"status-publish","4":"has-post-thumbnail","6":"product_cat-paintings","7":"product_tag-platonov-semyon-sergeevich-1860-1925","8":"product_shipping_class-big-item-1500-3000-g","10":"first","11":"instock","12":"sold-individually","13":"shipping-taxable","14":"purchasable","15":"product-type-simple"},"aioseo_notices":[],"_links":{"self":[{"href":"https:\/\/thebestantique.com\/et\/wp-json\/wp\/v2\/product\/15143","targetHints":{"allow":["GET"]}}],"collection":[{"href":"https:\/\/thebestantique.com\/et\/wp-json\/wp\/v2\/product"}],"about":[{"href":"https:\/\/thebestantique.com\/et\/wp-json\/wp\/v2\/types\/product"}],"replies":[{"embeddable":true,"href":"https:\/\/thebestantique.com\/et\/wp-json\/wp\/v2\/comments?post=15143"}],"wp:featuredmedia":[{"embeddable":true,"href":"https:\/\/thebestantique.com\/et\/wp-json\/wp\/v2\/media\/15144"}],"wp:attachment":[{"href":"https:\/\/thebestantique.com\/et\/wp-json\/wp\/v2\/media?parent=15143"}],"wp:term":[{"taxonomy":"product_brand","embeddable":true,"href":"https:\/\/thebestantique.com\/et\/wp-json\/wp\/v2\/product_brand?post=15143"},{"taxonomy":"product_cat","embeddable":true,"href":"https:\/\/thebestantique.com\/et\/wp-json\/wp\/v2\/product_cat?post=15143"},{"taxonomy":"product_tag","embeddable":true,"href":"https:\/\/thebestantique.com\/et\/wp-json\/wp\/v2\/product_tag?post=15143"}],"curies":[{"name":"wp","href":"https:\/\/api.w.org\/{rel}","templated":true}]}}