{"id":15127,"date":"2023-04-14T13:41:45","date_gmt":"2023-04-14T11:41:45","guid":{"rendered":"https:\/\/thebestantique.com\/?post_type=product&#038;p=15127"},"modified":"2023-07-02T21:40:13","modified_gmt":"2023-07-02T19:40:13","slug":"an-antique-french-bronze-sculpture-troubadour-by-emile-louis-picault-1833-1915","status":"publish","type":"product","link":"https:\/\/thebestantique.com\/et\/product\/an-antique-french-bronze-sculpture-troubadour-by-emile-louis-picault-1833-1915\/","title":{"rendered":"Antiikne Prantsuse pronksskulptuur &#8220;Trubaduur&#8221;, autor Emile-Louis PICAULT (1833-1915)."},"content":{"rendered":"<p>Prantsuse antiikne pruuni patinaga pronksskulptuur &#8220;Trubaduur&#8221;, autor Emile-Louis PICAULT (1833-1915).<br \/>\nSellelt lingilt leiate teavet Trubaduuri kohta : https:\/\/en.wikipedia.org\/wiki\/Troubadour<\/p>\n<p>\u00c9mile Louis Picault (24. august 1833 \u2013 1915) oli prantsuse skulptor, kes on tuntuim allegoorilisi ja patriootilisi teemasid ning m\u00fctoloogilisi kangelasi kujutavate teoste poolest. Picault oli v\u00e4ga viljakas kunstnik, kes tootis oma pika skulptuurikarj\u00e4\u00e4ri jooksul ohtralt skulptuure \u2013 kokku \u00fcle 500 modelli. Ta hakkas oma kunstiteoseid n\u00e4itama salongis alates 1863. aastast.[1] Ta allkirjastas suurema osa oma t\u00f6\u00f6dest kui \u201cE. Picault\u201d.<\/p>\n<p>Picault t\u00f6id saab n\u00e4ha muuseumides j\u00e4rgmistes linnades:<\/p>\n<p>Chamb\u00e9ry\u00a0(Le Semeur d\u2019id\u00e9es, 45\u00a0cm)<br \/>\nClermont-Ferrand (H\u00e9b\u00e9, 93 cm)<br \/>\nMaubeuge\u00a0(Le devoir, Honor Patria, 45\u00a0cm)<br \/>\nTroyes\u00a0(La famille, joies et peines)<\/p>\n<p>Allkirjastatud terrassil.<\/p>\n<blockquote><p>K\u00f5rgus: 77 cm.<\/p><\/blockquote>\n<p><\/p>","protected":false},"excerpt":{"rendered":"<p>Prantsuse antiikne pruuni patinaga pronksskulptuur &#8220;Trubaduur&#8221;, autor Emile-Louis PICAULT (1833-1915).<\/p>\n","protected":false},"featured_media":15128,"comment_status":"closed","ping_status":"closed","template":"","meta":{"_exactmetrics_skip_tracking":false,"_exactmetrics_sitenote_active":false,"_exactmetrics_sitenote_note":"","_exactmetrics_sitenote_category":0,"_uf_show_specific_survey":0,"_uf_disable_surveys":false},"product_brand":[],"product_cat":[421],"product_tag":[1807],"class_list":{"0":"post-15127","1":"product","2":"type-product","3":"status-publish","4":"has-post-thumbnail","6":"product_cat-sold-items","7":"product_tag-emile-louis-picault","8":"product_shipping_class-huge-3000-10000gr","10":"first","11":"outofstock","12":"shipping-taxable","13":"product-type-simple"},"aioseo_notices":[],"_links":{"self":[{"href":"https:\/\/thebestantique.com\/et\/wp-json\/wp\/v2\/product\/15127","targetHints":{"allow":["GET"]}}],"collection":[{"href":"https:\/\/thebestantique.com\/et\/wp-json\/wp\/v2\/product"}],"about":[{"href":"https:\/\/thebestantique.com\/et\/wp-json\/wp\/v2\/types\/product"}],"replies":[{"embeddable":true,"href":"https:\/\/thebestantique.com\/et\/wp-json\/wp\/v2\/comments?post=15127"}],"wp:featuredmedia":[{"embeddable":true,"href":"https:\/\/thebestantique.com\/et\/wp-json\/wp\/v2\/media\/15128"}],"wp:attachment":[{"href":"https:\/\/thebestantique.com\/et\/wp-json\/wp\/v2\/media?parent=15127"}],"wp:term":[{"taxonomy":"product_brand","embeddable":true,"href":"https:\/\/thebestantique.com\/et\/wp-json\/wp\/v2\/product_brand?post=15127"},{"taxonomy":"product_cat","embeddable":true,"href":"https:\/\/thebestantique.com\/et\/wp-json\/wp\/v2\/product_cat?post=15127"},{"taxonomy":"product_tag","embeddable":true,"href":"https:\/\/thebestantique.com\/et\/wp-json\/wp\/v2\/product_tag?post=15127"}],"curies":[{"name":"wp","href":"https:\/\/api.w.org\/{rel}","templated":true}]}}