{"id":15114,"date":"2023-04-14T12:36:43","date_gmt":"2023-04-14T10:36:43","guid":{"rendered":"https:\/\/thebestantique.com\/?post_type=product&#038;p=15114"},"modified":"2024-06-07T14:23:50","modified_gmt":"2024-06-07T12:23:50","slug":"an-antique-bronze-sculpture-with-double-patina-dreaming-young-man-with-a-cigarette","status":"publish","type":"product","link":"https:\/\/thebestantique.com\/et\/product\/an-antique-bronze-sculpture-with-double-patina-dreaming-young-man-with-a-cigarette\/","title":{"rendered":"Kahekordse patinaga antiikne pronksskulptuur &#8220;Unistav noormees sigaretiga&#8221;"},"content":{"rendered":"<p>Kahekordse patinaga antiikne pronksskulptuur &#8220;Unistav noormees sigaretiga&#8221;<\/p>\n<p>Allkirjastatud terrassil.<\/p>\n<p>Charles Anfrie (1833-1905) &#8211; Prantsuse skulptor, tegutseb Pariisis.Ta valmistas peamiselt akademismi ja naturalismi vaimus pronksist teoseid.Paljud t\u00f6\u00f6d viitavad ajaloolistele ja m\u00fctoloogilistele teemadele, aga ka igap\u00e4evaelule.<\/p>\n<blockquote><p>K\u00f5rgus: 57 cm.<\/p><\/blockquote>\n<p><\/p>","protected":false},"excerpt":{"rendered":"<p>Kahekordse patinaga antiikne pronksskulptuur &#8220;Unistav noormees sigaretiga&#8221;<\/p>\n<p>Allkirjastatud terrassil.<\/p>\n","protected":false},"featured_media":15115,"comment_status":"closed","ping_status":"closed","template":"","meta":{"_exactmetrics_skip_tracking":false,"_exactmetrics_sitenote_active":false,"_exactmetrics_sitenote_note":"","_exactmetrics_sitenote_category":0,"_uf_show_specific_survey":0,"_uf_disable_surveys":false},"product_brand":[],"product_cat":[421],"product_tag":[1817],"class_list":{"0":"post-15114","1":"product","2":"type-product","3":"status-publish","4":"has-post-thumbnail","6":"product_cat-sold-items","7":"product_tag-charles-anfrie-1833-1905","8":"product_shipping_class-big-item-1500-3000-g","10":"first","11":"outofstock","12":"shipping-taxable","13":"product-type-simple"},"aioseo_notices":[],"_links":{"self":[{"href":"https:\/\/thebestantique.com\/et\/wp-json\/wp\/v2\/product\/15114","targetHints":{"allow":["GET"]}}],"collection":[{"href":"https:\/\/thebestantique.com\/et\/wp-json\/wp\/v2\/product"}],"about":[{"href":"https:\/\/thebestantique.com\/et\/wp-json\/wp\/v2\/types\/product"}],"replies":[{"embeddable":true,"href":"https:\/\/thebestantique.com\/et\/wp-json\/wp\/v2\/comments?post=15114"}],"wp:featuredmedia":[{"embeddable":true,"href":"https:\/\/thebestantique.com\/et\/wp-json\/wp\/v2\/media\/15115"}],"wp:attachment":[{"href":"https:\/\/thebestantique.com\/et\/wp-json\/wp\/v2\/media?parent=15114"}],"wp:term":[{"taxonomy":"product_brand","embeddable":true,"href":"https:\/\/thebestantique.com\/et\/wp-json\/wp\/v2\/product_brand?post=15114"},{"taxonomy":"product_cat","embeddable":true,"href":"https:\/\/thebestantique.com\/et\/wp-json\/wp\/v2\/product_cat?post=15114"},{"taxonomy":"product_tag","embeddable":true,"href":"https:\/\/thebestantique.com\/et\/wp-json\/wp\/v2\/product_tag?post=15114"}],"curies":[{"name":"wp","href":"https:\/\/api.w.org\/{rel}","templated":true}]}}