{"id":15088,"date":"2023-03-31T15:00:09","date_gmt":"2023-03-31T13:00:09","guid":{"rendered":"https:\/\/thebestantique.com\/?post_type=product&#038;p=15088"},"modified":"2023-03-31T15:02:14","modified_gmt":"2023-03-31T13:02:14","slug":"a-nice-antique-english-silver-wine-glass-in-chinese-motifs","status":"publish","type":"product","link":"https:\/\/thebestantique.com\/et\/product\/a-nice-antique-english-silver-wine-glass-in-chinese-motifs\/","title":{"rendered":"Kena antiikne Inglise h\u00f5be kullatud Hiina motiividega veiniklaas"},"content":{"rendered":"<p>Kena antiikne Inglise h\u00f5be kullatud Hiina motiividega veiniklaas. Sellel on kena graveeritud lendav draakon.<\/p>\n<p>Londoni h\u00f5bem\u00e4rgid ja h\u00f5besepp George Angell, 1875.<\/p>\n<blockquote><p>M\u00f5\u00f5dud: k\u00f5rgus 16,5 cm.<\/p>\n<p>Kaal: 203 g.<\/p><\/blockquote>\n<p><\/p>","protected":false},"excerpt":{"rendered":"<p>Kena antiikne Inglise h\u00f5be kullatud Hiina motiividega veiniklaas. Sellel on kena graveeritud lendav draakon.<\/p>\n","protected":false},"featured_media":15089,"comment_status":"closed","ping_status":"closed","template":"","meta":{"_exactmetrics_skip_tracking":false,"_exactmetrics_sitenote_active":false,"_exactmetrics_sitenote_note":"","_exactmetrics_sitenote_category":0,"_uf_show_specific_survey":0,"_uf_disable_surveys":false},"product_brand":[],"product_cat":[221,6],"product_tag":[],"class_list":{"0":"post-15088","1":"product","2":"type-product","3":"status-publish","4":"has-post-thumbnail","6":"product_cat-flatware-and-serving-pieces","7":"product_cat-silver","8":"product_shipping_class-average-item-500-1500-g","10":"first","11":"instock","12":"shipping-taxable","13":"purchasable","14":"product-type-simple"},"aioseo_notices":[],"_links":{"self":[{"href":"https:\/\/thebestantique.com\/et\/wp-json\/wp\/v2\/product\/15088","targetHints":{"allow":["GET"]}}],"collection":[{"href":"https:\/\/thebestantique.com\/et\/wp-json\/wp\/v2\/product"}],"about":[{"href":"https:\/\/thebestantique.com\/et\/wp-json\/wp\/v2\/types\/product"}],"replies":[{"embeddable":true,"href":"https:\/\/thebestantique.com\/et\/wp-json\/wp\/v2\/comments?post=15088"}],"wp:featuredmedia":[{"embeddable":true,"href":"https:\/\/thebestantique.com\/et\/wp-json\/wp\/v2\/media\/15089"}],"wp:attachment":[{"href":"https:\/\/thebestantique.com\/et\/wp-json\/wp\/v2\/media?parent=15088"}],"wp:term":[{"taxonomy":"product_brand","embeddable":true,"href":"https:\/\/thebestantique.com\/et\/wp-json\/wp\/v2\/product_brand?post=15088"},{"taxonomy":"product_cat","embeddable":true,"href":"https:\/\/thebestantique.com\/et\/wp-json\/wp\/v2\/product_cat?post=15088"},{"taxonomy":"product_tag","embeddable":true,"href":"https:\/\/thebestantique.com\/et\/wp-json\/wp\/v2\/product_tag?post=15088"}],"curies":[{"name":"wp","href":"https:\/\/api.w.org\/{rel}","templated":true}]}}