{"id":15080,"date":"2023-03-31T13:46:10","date_gmt":"2023-03-31T11:46:10","guid":{"rendered":"https:\/\/thebestantique.com\/?post_type=product&#038;p=15080"},"modified":"2023-03-31T13:46:11","modified_gmt":"2023-03-31T11:46:11","slug":"a-nice-antique-silver-chinese-wine-glass","status":"publish","type":"product","link":"https:\/\/thebestantique.com\/et\/product\/a-nice-antique-silver-chinese-wine-glass\/","title":{"rendered":"Kena antiikne h\u00f5bedane Hiina veiniklaas"},"content":{"rendered":"<p>Kena antiikne h\u00f5bedane Hiina veiniklaas. Sellel on kaks draakonit ja p\u00e4ike, bambusest ornament. V\u00e4ga ilus ja detailne t\u00f6\u00f6.<br \/>\nP\u00f5hjal on h\u00f5bedane tunnusm\u00e4rk, kuid ma pole kindel, mis on \u00f5ige. Gen Wo v\u00f5i Gem Wo\u00a0\u2013 Kanton<br \/>\naktiivne u 1850\u20131875 v\u00f5i Cumwo, Queens Road, Hongkong aktiivne u 1850\u20131900.<\/p>\n<blockquote><p>M\u00f5\u00f5dud:<\/p>\n<p>K\u00f5rgus: 12,5 cm.<\/p>\n<p>Kaal: 126 g.<\/p><\/blockquote>\n<p><\/p>","protected":false},"excerpt":{"rendered":"<p>Kena antiikne h\u00f5bedane Hiina veiniklaas. Sellel on kaks draakonit ja p\u00e4ike, bambusest ornament. V\u00e4ga ilus ja detailne t\u00f6\u00f6.<\/p>\n","protected":false},"featured_media":15081,"comment_status":"closed","ping_status":"closed","template":"","meta":{"_exactmetrics_skip_tracking":false,"_exactmetrics_sitenote_active":false,"_exactmetrics_sitenote_note":"","_exactmetrics_sitenote_category":0,"_uf_show_specific_survey":0,"_uf_disable_surveys":false},"product_brand":[],"product_cat":[221,6],"product_tag":[],"class_list":{"0":"post-15080","1":"product","2":"type-product","3":"status-publish","4":"has-post-thumbnail","6":"product_cat-flatware-and-serving-pieces","7":"product_cat-silver","8":"product_shipping_class-small-item-0-500-g","10":"first","11":"instock","12":"shipping-taxable","13":"purchasable","14":"product-type-simple"},"aioseo_notices":[],"_links":{"self":[{"href":"https:\/\/thebestantique.com\/et\/wp-json\/wp\/v2\/product\/15080","targetHints":{"allow":["GET"]}}],"collection":[{"href":"https:\/\/thebestantique.com\/et\/wp-json\/wp\/v2\/product"}],"about":[{"href":"https:\/\/thebestantique.com\/et\/wp-json\/wp\/v2\/types\/product"}],"replies":[{"embeddable":true,"href":"https:\/\/thebestantique.com\/et\/wp-json\/wp\/v2\/comments?post=15080"}],"wp:featuredmedia":[{"embeddable":true,"href":"https:\/\/thebestantique.com\/et\/wp-json\/wp\/v2\/media\/15081"}],"wp:attachment":[{"href":"https:\/\/thebestantique.com\/et\/wp-json\/wp\/v2\/media?parent=15080"}],"wp:term":[{"taxonomy":"product_brand","embeddable":true,"href":"https:\/\/thebestantique.com\/et\/wp-json\/wp\/v2\/product_brand?post=15080"},{"taxonomy":"product_cat","embeddable":true,"href":"https:\/\/thebestantique.com\/et\/wp-json\/wp\/v2\/product_cat?post=15080"},{"taxonomy":"product_tag","embeddable":true,"href":"https:\/\/thebestantique.com\/et\/wp-json\/wp\/v2\/product_tag?post=15080"}],"curies":[{"name":"wp","href":"https:\/\/api.w.org\/{rel}","templated":true}]}}