{"id":15065,"date":"2023-03-23T14:25:28","date_gmt":"2023-03-23T12:25:28","guid":{"rendered":"https:\/\/thebestantique.com\/?post_type=product&#038;p=15065"},"modified":"2023-03-23T22:31:13","modified_gmt":"2023-03-23T20:31:13","slug":"antique-mantel-clock-with-battle-scene","status":"publish","type":"product","link":"https:\/\/thebestantique.com\/et\/product\/antique-mantel-clock-with-battle-scene\/","title":{"rendered":"Antiikne mantelkell &#8220;Lahingu&#8221; stseeniga"},"content":{"rendered":"<p>Antiikne suur pronksist ja mustast marmorist mantelkell, mis kujutab lahingut ristis\u00f5dija ja t\u00fcrklase v\u00f5i mauri vahel.<\/p>\n<p>Valge emailiga sihverplaat rooma numbritega, signeeritud Cresson \u00e0 Paris.<\/p>\n<p>Tempel mehhanismil (Pons 1827):<\/p>\n<blockquote><p>K\u00f5rgus: 62 cm.<\/p>\n<p>Laius: 40 cm.<\/p>\n<p>S\u00fcgavus: 20,5 cm.<\/p><\/blockquote>\n<p><\/p>","protected":false},"excerpt":{"rendered":"<p>Antiikne suur pronksist ja mustast marmorist mantelkell, mis kujutab lahingut ristis\u00f5dija ja t\u00fcrklase v\u00f5i mauri vahel.<\/p>\n","protected":false},"featured_media":15066,"comment_status":"closed","ping_status":"closed","template":"","meta":{"_exactmetrics_skip_tracking":false,"_exactmetrics_sitenote_active":false,"_exactmetrics_sitenote_note":"","_exactmetrics_sitenote_category":0,"_uf_show_specific_survey":0,"_uf_disable_surveys":false},"product_brand":[],"product_cat":[179,206],"product_tag":[],"class_list":{"0":"post-15065","1":"product","2":"type-product","3":"status-publish","4":"has-post-thumbnail","6":"product_cat-clocks-and-watches","7":"product_cat-desk-clocks","8":"product_shipping_class-huge-3000-10000gr","10":"first","11":"instock","12":"shipping-taxable","13":"purchasable","14":"product-type-simple"},"aioseo_notices":[],"_links":{"self":[{"href":"https:\/\/thebestantique.com\/et\/wp-json\/wp\/v2\/product\/15065","targetHints":{"allow":["GET"]}}],"collection":[{"href":"https:\/\/thebestantique.com\/et\/wp-json\/wp\/v2\/product"}],"about":[{"href":"https:\/\/thebestantique.com\/et\/wp-json\/wp\/v2\/types\/product"}],"replies":[{"embeddable":true,"href":"https:\/\/thebestantique.com\/et\/wp-json\/wp\/v2\/comments?post=15065"}],"wp:featuredmedia":[{"embeddable":true,"href":"https:\/\/thebestantique.com\/et\/wp-json\/wp\/v2\/media\/15066"}],"wp:attachment":[{"href":"https:\/\/thebestantique.com\/et\/wp-json\/wp\/v2\/media?parent=15065"}],"wp:term":[{"taxonomy":"product_brand","embeddable":true,"href":"https:\/\/thebestantique.com\/et\/wp-json\/wp\/v2\/product_brand?post=15065"},{"taxonomy":"product_cat","embeddable":true,"href":"https:\/\/thebestantique.com\/et\/wp-json\/wp\/v2\/product_cat?post=15065"},{"taxonomy":"product_tag","embeddable":true,"href":"https:\/\/thebestantique.com\/et\/wp-json\/wp\/v2\/product_tag?post=15065"}],"curies":[{"name":"wp","href":"https:\/\/api.w.org\/{rel}","templated":true}]}}