{"id":15051,"date":"2023-03-17T12:31:27","date_gmt":"2023-03-17T10:31:27","guid":{"rendered":"https:\/\/thebestantique.com\/?post_type=product&#038;p=15051"},"modified":"2023-05-24T15:51:34","modified_gmt":"2023-05-24T13:51:34","slug":"a-xixth-century-antique-caucasian-kindjal-with-inscription-on-the-blade","status":"publish","type":"product","link":"https:\/\/thebestantique.com\/et\/product\/a-xixth-century-antique-caucasian-kindjal-with-inscription-on-the-blade\/","title":{"rendered":"XIX sajandi antiikne Kaukaasia kindjal, mille terale on kirjutatud"},"content":{"rendered":"<p>XIX sajandi antiikne Kaukaasia kindjal, mille terale on kirjutatud.<\/p>\n<p>Terasest, sarvest, h\u00f5bedast, nahast tupp h\u00f5bedaste kinnitustega puits\u00fcdamikul.<\/p>\n<p>Tera m\u00f5lemal k\u00fcljel on kiri vanas gruusia keeles (t\u00f5esti raske lugeda).<\/p>\n<p>Kaukaasia.<\/p>\n<p>19. sajandi teine pool v\u00f5i 20. sajandi algus.<\/p>\n<blockquote><p>Pikkus: 49,5 cm.<\/p><\/blockquote>\n<p><\/p>","protected":false},"excerpt":{"rendered":"<p>XIX sajandi antiikne Kaukaasia kindjal, mille terale on kirjutatud.<\/p>\n","protected":false},"featured_media":15052,"comment_status":"closed","ping_status":"closed","template":"","meta":{"_exactmetrics_skip_tracking":false,"_exactmetrics_sitenote_active":false,"_exactmetrics_sitenote_note":"","_exactmetrics_sitenote_category":0,"_uf_show_specific_survey":0,"_uf_disable_surveys":false},"product_brand":[],"product_cat":[421],"product_tag":[77,1816],"class_list":{"0":"post-15051","1":"product","2":"type-product","3":"status-publish","4":"has-post-thumbnail","6":"product_cat-sold-items","7":"product_tag-caucasian-kindjals","8":"product_tag-kindjal","9":"product_shipping_class-average-item-500-1500-g","11":"first","12":"outofstock","13":"shipping-taxable","14":"purchasable","15":"product-type-simple"},"aioseo_notices":[],"_links":{"self":[{"href":"https:\/\/thebestantique.com\/et\/wp-json\/wp\/v2\/product\/15051","targetHints":{"allow":["GET"]}}],"collection":[{"href":"https:\/\/thebestantique.com\/et\/wp-json\/wp\/v2\/product"}],"about":[{"href":"https:\/\/thebestantique.com\/et\/wp-json\/wp\/v2\/types\/product"}],"replies":[{"embeddable":true,"href":"https:\/\/thebestantique.com\/et\/wp-json\/wp\/v2\/comments?post=15051"}],"wp:featuredmedia":[{"embeddable":true,"href":"https:\/\/thebestantique.com\/et\/wp-json\/wp\/v2\/media\/15052"}],"wp:attachment":[{"href":"https:\/\/thebestantique.com\/et\/wp-json\/wp\/v2\/media?parent=15051"}],"wp:term":[{"taxonomy":"product_brand","embeddable":true,"href":"https:\/\/thebestantique.com\/et\/wp-json\/wp\/v2\/product_brand?post=15051"},{"taxonomy":"product_cat","embeddable":true,"href":"https:\/\/thebestantique.com\/et\/wp-json\/wp\/v2\/product_cat?post=15051"},{"taxonomy":"product_tag","embeddable":true,"href":"https:\/\/thebestantique.com\/et\/wp-json\/wp\/v2\/product_tag?post=15051"}],"curies":[{"name":"wp","href":"https:\/\/api.w.org\/{rel}","templated":true}]}}