{"id":15021,"date":"2023-03-16T16:40:42","date_gmt":"2023-03-16T14:40:42","guid":{"rendered":"https:\/\/thebestantique.com\/?post_type=product&#038;p=15021"},"modified":"2023-03-16T16:40:42","modified_gmt":"2023-03-16T14:40:42","slug":"a-xixth-century-antique-caucasian-kindjal","status":"publish","type":"product","link":"https:\/\/thebestantique.com\/et\/product\/a-xixth-century-antique-caucasian-kindjal\/","title":{"rendered":"XIX sajandi antiikne Kaukaasia kindjal."},"content":{"rendered":"<p>XIX sajandi antiikne Kaukaasia kindjal.<\/p>\n<p>Terasest, sarvest, h\u00f5bedast, osaliselt niellotud, puidust s\u00fcdamikuga nahast tupp h\u00f5bedaste kinnitustega niellotud lillemotiividega, Kaukaasia.<\/p>\n<p>19. sajandi teine pool<\/p>\n<blockquote><p>Pikkus: 56 cm.<\/p><\/blockquote>\n<p><\/p>","protected":false},"excerpt":{"rendered":"<p>XIX sajandi antiikne Kaukaasia kindjal.<\/p>\n","protected":false},"featured_media":15022,"comment_status":"closed","ping_status":"closed","template":"","meta":{"_exactmetrics_skip_tracking":false,"_exactmetrics_sitenote_active":false,"_exactmetrics_sitenote_note":"","_exactmetrics_sitenote_category":0,"_uf_show_specific_survey":0,"_uf_disable_surveys":false},"product_brand":[],"product_cat":[36],"product_tag":[77,1816],"class_list":{"0":"post-15021","1":"product","2":"type-product","3":"status-publish","4":"has-post-thumbnail","6":"product_cat-daggers","7":"product_tag-caucasian-kindjals","8":"product_tag-kindjal","9":"product_shipping_class-average-item-500-1500-g","11":"first","12":"instock","13":"shipping-taxable","14":"purchasable","15":"product-type-simple"},"aioseo_notices":[],"_links":{"self":[{"href":"https:\/\/thebestantique.com\/et\/wp-json\/wp\/v2\/product\/15021","targetHints":{"allow":["GET"]}}],"collection":[{"href":"https:\/\/thebestantique.com\/et\/wp-json\/wp\/v2\/product"}],"about":[{"href":"https:\/\/thebestantique.com\/et\/wp-json\/wp\/v2\/types\/product"}],"replies":[{"embeddable":true,"href":"https:\/\/thebestantique.com\/et\/wp-json\/wp\/v2\/comments?post=15021"}],"wp:featuredmedia":[{"embeddable":true,"href":"https:\/\/thebestantique.com\/et\/wp-json\/wp\/v2\/media\/15022"}],"wp:attachment":[{"href":"https:\/\/thebestantique.com\/et\/wp-json\/wp\/v2\/media?parent=15021"}],"wp:term":[{"taxonomy":"product_brand","embeddable":true,"href":"https:\/\/thebestantique.com\/et\/wp-json\/wp\/v2\/product_brand?post=15021"},{"taxonomy":"product_cat","embeddable":true,"href":"https:\/\/thebestantique.com\/et\/wp-json\/wp\/v2\/product_cat?post=15021"},{"taxonomy":"product_tag","embeddable":true,"href":"https:\/\/thebestantique.com\/et\/wp-json\/wp\/v2\/product_tag?post=15021"}],"curies":[{"name":"wp","href":"https:\/\/api.w.org\/{rel}","templated":true}]}}