{"id":15007,"date":"2023-03-16T15:29:12","date_gmt":"2023-03-16T13:29:12","guid":{"rendered":"https:\/\/thebestantique.com\/?post_type=product&#038;p=15007"},"modified":"2023-03-17T13:12:40","modified_gmt":"2023-03-17T11:12:40","slug":"a-nielloed-silver-caucasian-kindjal-second-half-of-19-century","status":"publish","type":"product","link":"https:\/\/thebestantique.com\/et\/product\/a-nielloed-silver-caucasian-kindjal-second-half-of-19-century\/","title":{"rendered":"Niellotud h\u00f5bedane Kaukaasia kindjal 19. sajandi teine pool"},"content":{"rendered":"<p>Kaukaasia 19. sajandi teine pool.<\/p>\n<p>Selle kindjali k\u00e4epidemel on osaliselt nielloositud lillemotiividest kaunistus ja h\u00f5bedane tupp kahepealise vene kotkaga.<\/p>\n<p>Sirge kahe teraga tera s\u00fcgava keskse vihmaveerenniga on kuldse damastseenkartu\u0161\u0161iga, millel on raskesti loetav kiri.<\/p>\n<p>&nbsp;<\/p>\n<blockquote><p>Pikkus: 53,5 cm<\/p><\/blockquote>\n<p><\/p>","protected":false},"excerpt":{"rendered":"<p>Niellotud h\u00f5bedane Kaukaasia kindjal 19. sajandi teine pool.<\/p>\n","protected":false},"featured_media":15008,"comment_status":"closed","ping_status":"closed","template":"","meta":{"_exactmetrics_skip_tracking":false,"_exactmetrics_sitenote_active":false,"_exactmetrics_sitenote_note":"","_exactmetrics_sitenote_category":0,"_uf_show_specific_survey":0,"_uf_disable_surveys":false},"product_brand":[],"product_cat":[421],"product_tag":[77],"class_list":{"0":"post-15007","1":"product","2":"type-product","3":"status-publish","4":"has-post-thumbnail","6":"product_cat-sold-items","7":"product_tag-caucasian-kindjals","8":"product_shipping_class-average-item-500-1500-g","10":"first","11":"outofstock","12":"shipping-taxable","13":"product-type-simple"},"aioseo_notices":[],"_links":{"self":[{"href":"https:\/\/thebestantique.com\/et\/wp-json\/wp\/v2\/product\/15007","targetHints":{"allow":["GET"]}}],"collection":[{"href":"https:\/\/thebestantique.com\/et\/wp-json\/wp\/v2\/product"}],"about":[{"href":"https:\/\/thebestantique.com\/et\/wp-json\/wp\/v2\/types\/product"}],"replies":[{"embeddable":true,"href":"https:\/\/thebestantique.com\/et\/wp-json\/wp\/v2\/comments?post=15007"}],"wp:featuredmedia":[{"embeddable":true,"href":"https:\/\/thebestantique.com\/et\/wp-json\/wp\/v2\/media\/15008"}],"wp:attachment":[{"href":"https:\/\/thebestantique.com\/et\/wp-json\/wp\/v2\/media?parent=15007"}],"wp:term":[{"taxonomy":"product_brand","embeddable":true,"href":"https:\/\/thebestantique.com\/et\/wp-json\/wp\/v2\/product_brand?post=15007"},{"taxonomy":"product_cat","embeddable":true,"href":"https:\/\/thebestantique.com\/et\/wp-json\/wp\/v2\/product_cat?post=15007"},{"taxonomy":"product_tag","embeddable":true,"href":"https:\/\/thebestantique.com\/et\/wp-json\/wp\/v2\/product_tag?post=15007"}],"curies":[{"name":"wp","href":"https:\/\/api.w.org\/{rel}","templated":true}]}}