{"id":14992,"date":"2023-03-16T14:23:10","date_gmt":"2023-03-16T12:23:10","guid":{"rendered":"https:\/\/thebestantique.com\/?post_type=product&#038;p=14992"},"modified":"2026-02-16T12:56:10","modified_gmt":"2026-02-16T10:56:10","slug":"khanjar-qadjar-with-sinusoidal-blade-engraved-steel-and-gold-inlay-iran-19th-century","status":"publish","type":"product","link":"https:\/\/thebestantique.com\/et\/product\/khanjar-qadjar-with-sinusoidal-blade-engraved-steel-and-gold-inlay-iran-19th-century\/","title":{"rendered":"Khanjar Qadjar sinusoidse teraga Graveeritud terasest ja kullast sisestusega Iraan, 19. sajand"},"content":{"rendered":"<p>Khanjar Qadjar sinusoidse teraga Graveeritud terasest ja kullast sisestusega Iraan, 19. sajand, Qadjara periood.<\/p>\n<p>Sinusoidsete servadega terale ja k\u00e4epidemele on graveeritud loomade ja lillede kaunistus kartu\u0161\u0161ides, mida m\u00f5nikord \u00fcmbritseb kuldne damastseen.<\/p>\n<p>&nbsp;<\/p>\n<blockquote><p>\nPikkus 40 cm.<\/p><\/blockquote>\n<p><\/p>","protected":false},"excerpt":{"rendered":"<p>Khanjar Qadjar sinusoidse teraga Graveeritud terasest ja kullast sisestusega Iraan, 19. sajand, Qadjara periood.<\/p>\n","protected":false},"featured_media":14993,"comment_status":"closed","ping_status":"closed","template":"","meta":{"_exactmetrics_skip_tracking":false,"_exactmetrics_sitenote_active":false,"_exactmetrics_sitenote_note":"","_exactmetrics_sitenote_category":0,"_uf_show_specific_survey":0,"_uf_disable_surveys":false},"product_brand":[],"product_cat":[421],"product_tag":[1284,1814,1813],"class_list":{"0":"post-14992","1":"product","2":"type-product","3":"status-publish","4":"has-post-thumbnail","6":"product_cat-sold-items","7":"product_tag-19th-century","8":"product_tag-khanjar","9":"product_tag-qadjara-period","10":"product_shipping_class-free-shipping","12":"first","13":"outofstock","14":"sale","15":"shipping-taxable","16":"purchasable","17":"product-type-simple"},"aioseo_notices":[],"_links":{"self":[{"href":"https:\/\/thebestantique.com\/et\/wp-json\/wp\/v2\/product\/14992","targetHints":{"allow":["GET"]}}],"collection":[{"href":"https:\/\/thebestantique.com\/et\/wp-json\/wp\/v2\/product"}],"about":[{"href":"https:\/\/thebestantique.com\/et\/wp-json\/wp\/v2\/types\/product"}],"replies":[{"embeddable":true,"href":"https:\/\/thebestantique.com\/et\/wp-json\/wp\/v2\/comments?post=14992"}],"wp:featuredmedia":[{"embeddable":true,"href":"https:\/\/thebestantique.com\/et\/wp-json\/wp\/v2\/media\/14993"}],"wp:attachment":[{"href":"https:\/\/thebestantique.com\/et\/wp-json\/wp\/v2\/media?parent=14992"}],"wp:term":[{"taxonomy":"product_brand","embeddable":true,"href":"https:\/\/thebestantique.com\/et\/wp-json\/wp\/v2\/product_brand?post=14992"},{"taxonomy":"product_cat","embeddable":true,"href":"https:\/\/thebestantique.com\/et\/wp-json\/wp\/v2\/product_cat?post=14992"},{"taxonomy":"product_tag","embeddable":true,"href":"https:\/\/thebestantique.com\/et\/wp-json\/wp\/v2\/product_tag?post=14992"}],"curies":[{"name":"wp","href":"https:\/\/api.w.org\/{rel}","templated":true}]}}