{"id":14963,"date":"2023-03-13T15:36:05","date_gmt":"2023-03-13T13:36:05","guid":{"rendered":"https:\/\/thebestantique.com\/?post_type=product&#038;p=14963"},"modified":"2023-05-24T15:52:18","modified_gmt":"2023-05-24T13:52:18","slug":"a-rare-russian-cossack-officers-sword-shashka-asian-sample-1913-y","status":"publish","type":"product","link":"https:\/\/thebestantique.com\/et\/product\/a-rare-russian-cossack-officers-sword-shashka-asian-sample-1913-y\/","title":{"rendered":"\u00c4\u00e4rmiselt haruldane Vene kasakate ohvitseri m\u00f5\u00f5k Shashka Aasia n\u00e4idis 1913 a."},"content":{"rendered":"<p>\u00c4\u00e4rmiselt haruldane Vene kasakate ohvitseri m\u00f5\u00f5k Shashka Aasia n\u00e4idis 1913 a.<\/p>\n<p>Nickolay II monogrammi pole, seega t\u00e4hendab see, et tegemist on ajutise valitsusega. Teral on m\u00f5ned v\u00e4ikesed kahjustused, mida v\u00f5ib n\u00e4ha piltidelt ja tupel puudub \u00fcks r\u00f5ngas.<\/p>\n<p>Kuid \u00fcldine seisund on perioodi kohta v\u00e4ga hea.<\/p>\n<p>Dokumentide anal\u00fc\u00fcs viitab sellele, et ajavahemikul 1913\u20131917 ei toodetud Zlatoustis rohkem kui 100 (ligikaudu) Aasia t\u00fc\u00fcpi ohvitseri kavandit. K\u00f5ik t\u00e4nap\u00e4evani s\u00e4ilinud saalid on muuseumi tasandil \u00fcliharuldased.<br \/>\nSee k\u00f5ige haruldasem vene \u0161a\u0161ka t\u00e4iendaks iga t\u00f5siseltv\u00f5etavat kollektsiooni!<\/p>\n<blockquote><p>M\u00f5\u00f5dud:<\/p>\n<p>Kogupikkus: 99 cm.<\/p>\n<p>Tera laius: 3,2 cm.<\/p>\n<p>Tera pikkus: 78,3 cm.<\/p><\/blockquote>\n<p><\/p>","protected":false},"excerpt":{"rendered":"<p>\u00c4\u00e4rmiselt haruldane Vene kasakate ohvitseri m\u00f5\u00f5k Shashka Aasia n\u00e4idis 1913 a.<\/p>\n","protected":false},"featured_media":14964,"comment_status":"closed","ping_status":"closed","template":"","meta":{"_exactmetrics_skip_tracking":false,"_exactmetrics_sitenote_active":false,"_exactmetrics_sitenote_note":"","_exactmetrics_sitenote_category":0,"_uf_show_specific_survey":0,"_uf_disable_surveys":false},"product_brand":[],"product_cat":[421],"product_tag":[1587],"class_list":{"0":"post-14963","1":"product","2":"type-product","3":"status-publish","4":"has-post-thumbnail","6":"product_cat-sold-items","7":"product_tag-shashka","8":"product_shipping_class-big-item-1500-3000-g","10":"first","11":"outofstock","12":"sold-individually","13":"shipping-taxable","14":"product-type-simple"},"aioseo_notices":[],"_links":{"self":[{"href":"https:\/\/thebestantique.com\/et\/wp-json\/wp\/v2\/product\/14963","targetHints":{"allow":["GET"]}}],"collection":[{"href":"https:\/\/thebestantique.com\/et\/wp-json\/wp\/v2\/product"}],"about":[{"href":"https:\/\/thebestantique.com\/et\/wp-json\/wp\/v2\/types\/product"}],"replies":[{"embeddable":true,"href":"https:\/\/thebestantique.com\/et\/wp-json\/wp\/v2\/comments?post=14963"}],"wp:featuredmedia":[{"embeddable":true,"href":"https:\/\/thebestantique.com\/et\/wp-json\/wp\/v2\/media\/14964"}],"wp:attachment":[{"href":"https:\/\/thebestantique.com\/et\/wp-json\/wp\/v2\/media?parent=14963"}],"wp:term":[{"taxonomy":"product_brand","embeddable":true,"href":"https:\/\/thebestantique.com\/et\/wp-json\/wp\/v2\/product_brand?post=14963"},{"taxonomy":"product_cat","embeddable":true,"href":"https:\/\/thebestantique.com\/et\/wp-json\/wp\/v2\/product_cat?post=14963"},{"taxonomy":"product_tag","embeddable":true,"href":"https:\/\/thebestantique.com\/et\/wp-json\/wp\/v2\/product_tag?post=14963"}],"curies":[{"name":"wp","href":"https:\/\/api.w.org\/{rel}","templated":true}]}}