{"id":14918,"date":"2023-03-02T16:07:04","date_gmt":"2023-03-02T14:07:04","guid":{"rendered":"https:\/\/thebestantique.com\/?post_type=product&#038;p=14918"},"modified":"2023-08-03T09:43:20","modified_gmt":"2023-08-03T07:43:20","slug":"a-nice-antique-romantic-dagger-with-belzebubdemon-on-the-hilt","status":"publish","type":"product","link":"https:\/\/thebestantique.com\/et\/product\/a-nice-antique-romantic-dagger-with-belzebubdemon-on-the-hilt\/","title":{"rendered":"Kena antiikne romantiline pistoda Beltsebubi(deemon) k\u00e4epidemega"},"content":{"rendered":"<p>Kena antiikne romantiline pistoda Beltsebubi(deemon) k\u00e4epidemega.<\/p>\n<p>19 sajand. Nahkosa tupel puudub. Tera veidi roostes.<\/p>\n<p>Beelzebub\u00a0(\/bi\u02d0\u02c8\u025blz\u0259b\u028cb,\u00a0\u02c8bi\u02d0l-\/[1]\u00a0bee-EL-z\u0259-bub,\u00a0BEEL-;\u00a0heebrea:\u00a0\u05d1\u05b7\u05bc\u05e2\u05b7\u05dc-\u05d6\u05b0\u05d1\u05d5\u05bc\u05dc-\u05d6\u05b0\u05d1\u05d5\u05bc\u05dc-\u05d6\u05b0\u05d1\u05d5\u05bc\u05dc-\u05d6\u05b0\u05d1\u05d5\u05bc\u05d1\u200e, endine aalistedbhiel,\u00a0tuletusnimi aalistheel, ka\u00a0babul\u02bfal-z\u1e25, aastal Ekronis ja hiljem v\u00f5eti m\u00f5ned Aabrahami religioonid \u00fcle peamise deemonina. Nimi Beltsebul on seotud kaananlaste jumala Baaliga.<br \/>\nTeoloogilistes allikates, peamiselt kristlastes, on Beltsebul saatana teine nimi. Ta on demonoloogias tuntud kui \u00fcks seitsmest surmavast deemonist v\u00f5i seitsmest p\u00f5rguprintsist, Beltsebul, kes esindab ahnust ja kadedust. Infernali s\u00f5naraamat kirjeldab Beltsebubi kui lendamisv\u00f5imelist olendit, keda tuntakse kui &#8220;lendarite isandat&#8221; v\u00f5i &#8220;k\u00e4rbeste isandat&#8221;.<\/p>\n<p>Lisateavet WiKi kohta: https:\/\/en.wikipedia.org\/wiki\/Beelzebub<\/p>\n<blockquote><p>M\u00f5\u00f5dud:<\/p>\n<p>Kogupikkus: 13,5 cm<\/p>\n<p>Tera pikkus: 9,7 cm.<\/p>\n<p>Tera laius: 0,9 cm.<\/p><\/blockquote>\n<p><\/p>","protected":false},"excerpt":{"rendered":"<p>Kena antiikne romantiline pistoda Beltsebubi(deemon) k\u00e4epidemega.<\/p>\n<p>19 sajand<\/p>\n","protected":false},"featured_media":14920,"comment_status":"closed","ping_status":"closed","template":"","meta":{"_exactmetrics_skip_tracking":false,"_exactmetrics_sitenote_active":false,"_exactmetrics_sitenote_note":"","_exactmetrics_sitenote_category":0,"_uf_show_specific_survey":0,"_uf_disable_surveys":false},"product_brand":[],"product_cat":[421],"product_tag":[1160],"class_list":{"0":"post-14918","1":"product","2":"type-product","3":"status-publish","4":"has-post-thumbnail","6":"product_cat-sold-items","7":"product_tag-romantic-dagger","8":"product_shipping_class-small-item-0-500-g","10":"first","11":"outofstock","12":"shipping-taxable","13":"product-type-simple"},"aioseo_notices":[],"_links":{"self":[{"href":"https:\/\/thebestantique.com\/et\/wp-json\/wp\/v2\/product\/14918","targetHints":{"allow":["GET"]}}],"collection":[{"href":"https:\/\/thebestantique.com\/et\/wp-json\/wp\/v2\/product"}],"about":[{"href":"https:\/\/thebestantique.com\/et\/wp-json\/wp\/v2\/types\/product"}],"replies":[{"embeddable":true,"href":"https:\/\/thebestantique.com\/et\/wp-json\/wp\/v2\/comments?post=14918"}],"wp:featuredmedia":[{"embeddable":true,"href":"https:\/\/thebestantique.com\/et\/wp-json\/wp\/v2\/media\/14920"}],"wp:attachment":[{"href":"https:\/\/thebestantique.com\/et\/wp-json\/wp\/v2\/media?parent=14918"}],"wp:term":[{"taxonomy":"product_brand","embeddable":true,"href":"https:\/\/thebestantique.com\/et\/wp-json\/wp\/v2\/product_brand?post=14918"},{"taxonomy":"product_cat","embeddable":true,"href":"https:\/\/thebestantique.com\/et\/wp-json\/wp\/v2\/product_cat?post=14918"},{"taxonomy":"product_tag","embeddable":true,"href":"https:\/\/thebestantique.com\/et\/wp-json\/wp\/v2\/product_tag?post=14918"}],"curies":[{"name":"wp","href":"https:\/\/api.w.org\/{rel}","templated":true}]}}