{"id":14908,"date":"2023-03-02T15:31:59","date_gmt":"2023-03-02T13:31:59","guid":{"rendered":"https:\/\/thebestantique.com\/?post_type=product&#038;p=14908"},"modified":"2023-03-02T16:09:08","modified_gmt":"2023-03-02T14:09:08","slug":"antique-bronze-sculpture-of-the-gallic-warrior-by-henry-fugere-1872-1944","status":"publish","type":"product","link":"https:\/\/thebestantique.com\/et\/product\/antique-bronze-sculpture-of-the-gallic-warrior-by-henry-fugere-1872-1944\/","title":{"rendered":"Gallia s\u00f5dalase antiikne pronksskulptuur"},"content":{"rendered":"<p>Gallia s\u00f5dalase antiikne pronksskulptuur.<br \/>\nPatineeritud ja pronksile signeeritud Henry FUG\u00c8RE (1872-1944).<\/p>\n<p>Henry Fug\u00e8re s\u00fcndis 1872. aastal Saint-Mand\u00e9&#8217;s. Ta \u00f5ppis skulptuuri Pariisis Ecole des Beaux-Arts&#8217;is Cavelieri, Barriase ja Puechi k\u00e4e all. Ta j\u00e4tkas paralleelset karj\u00e4\u00e4ri pronksi, pronksi, elevandiluu ja kivi skulptorina ning medaligraveerijana ning esines regulaarselt Soci\u00e9t\u00e9 des Artistes Fran\u00e7ais&#8217; salongides.<\/p>\n<blockquote><p>K\u00f5rgus: 43 cm.<\/p><\/blockquote>\n<p><\/p>","protected":false},"excerpt":{"rendered":"<p>Gallia s\u00f5dalase antiikne pronksskulptuur.<br \/>\nPatineeritud ja pronksile signeeritud Henry FUG\u00c8RE (1872-1944).<\/p>\n","protected":false},"featured_media":14909,"comment_status":"closed","ping_status":"closed","template":"","meta":{"_exactmetrics_skip_tracking":false,"_exactmetrics_sitenote_active":false,"_exactmetrics_sitenote_note":"","_exactmetrics_sitenote_category":0,"_uf_show_specific_survey":0,"_uf_disable_surveys":false},"product_brand":[],"product_cat":[12],"product_tag":[1812,1810,1811],"class_list":{"0":"post-14908","1":"product","2":"type-product","3":"status-publish","4":"has-post-thumbnail","6":"product_cat-bronze","7":"product_tag-antique-bronze-sculpture","8":"product_tag-henry-fugere-1872-1944","9":"product_tag-the-gallic-warrior","10":"product_shipping_class-big-item-1500-3000-g","12":"first","13":"instock","14":"shipping-taxable","15":"purchasable","16":"product-type-simple"},"aioseo_notices":[],"_links":{"self":[{"href":"https:\/\/thebestantique.com\/et\/wp-json\/wp\/v2\/product\/14908","targetHints":{"allow":["GET"]}}],"collection":[{"href":"https:\/\/thebestantique.com\/et\/wp-json\/wp\/v2\/product"}],"about":[{"href":"https:\/\/thebestantique.com\/et\/wp-json\/wp\/v2\/types\/product"}],"replies":[{"embeddable":true,"href":"https:\/\/thebestantique.com\/et\/wp-json\/wp\/v2\/comments?post=14908"}],"wp:featuredmedia":[{"embeddable":true,"href":"https:\/\/thebestantique.com\/et\/wp-json\/wp\/v2\/media\/14909"}],"wp:attachment":[{"href":"https:\/\/thebestantique.com\/et\/wp-json\/wp\/v2\/media?parent=14908"}],"wp:term":[{"taxonomy":"product_brand","embeddable":true,"href":"https:\/\/thebestantique.com\/et\/wp-json\/wp\/v2\/product_brand?post=14908"},{"taxonomy":"product_cat","embeddable":true,"href":"https:\/\/thebestantique.com\/et\/wp-json\/wp\/v2\/product_cat?post=14908"},{"taxonomy":"product_tag","embeddable":true,"href":"https:\/\/thebestantique.com\/et\/wp-json\/wp\/v2\/product_tag?post=14908"}],"curies":[{"name":"wp","href":"https:\/\/api.w.org\/{rel}","templated":true}]}}