{"id":14894,"date":"2023-01-31T11:57:45","date_gmt":"2023-01-31T09:57:45","guid":{"rendered":"https:\/\/thebestantique.com\/?post_type=product&#038;p=14894"},"modified":"2025-08-01T11:00:57","modified_gmt":"2025-08-01T09:00:57","slug":"an-imperial-russian-samovar-by-buch-brothers","status":"publish","type":"product","link":"https:\/\/thebestantique.com\/et\/product\/an-imperial-russian-samovar-by-buch-brothers\/","title":{"rendered":"Vene keiserlik samovar vendadelt BUCH"},"content":{"rendered":"<p>Vene keiserlik samovar vendadelt BUCH. Poola Vene impeeriumi osana. 19 sajand.<br \/>\nSee on selle tootja v\u00e4ga haruldane n\u00e4ide. H\u00f5betatud.<\/p>\n<blockquote><p>K\u00f5rgus: 43,5 cm.<\/p><\/blockquote>\n<p><\/p>","protected":false},"excerpt":{"rendered":"<p>Vene keiserlik samovar vendadelt BUCH. Poola Vene impeeriumi osana. 19 sajand.<\/p>\n","protected":false},"featured_media":14895,"comment_status":"closed","ping_status":"closed","template":"","meta":{"_exactmetrics_skip_tracking":false,"_exactmetrics_sitenote_active":false,"_exactmetrics_sitenote_note":"","_exactmetrics_sitenote_category":0,"_uf_show_specific_survey":0,"_uf_disable_surveys":false},"product_brand":[],"product_cat":[8],"product_tag":[],"class_list":{"0":"post-14894","1":"product","2":"type-product","3":"status-publish","4":"has-post-thumbnail","6":"product_cat-samovars","7":"product_shipping_class-huge-3000-10000gr","9":"first","10":"instock","11":"shipping-taxable","12":"purchasable","13":"product-type-simple"},"aioseo_notices":[],"_links":{"self":[{"href":"https:\/\/thebestantique.com\/et\/wp-json\/wp\/v2\/product\/14894","targetHints":{"allow":["GET"]}}],"collection":[{"href":"https:\/\/thebestantique.com\/et\/wp-json\/wp\/v2\/product"}],"about":[{"href":"https:\/\/thebestantique.com\/et\/wp-json\/wp\/v2\/types\/product"}],"replies":[{"embeddable":true,"href":"https:\/\/thebestantique.com\/et\/wp-json\/wp\/v2\/comments?post=14894"}],"wp:featuredmedia":[{"embeddable":true,"href":"https:\/\/thebestantique.com\/et\/wp-json\/wp\/v2\/media\/14895"}],"wp:attachment":[{"href":"https:\/\/thebestantique.com\/et\/wp-json\/wp\/v2\/media?parent=14894"}],"wp:term":[{"taxonomy":"product_brand","embeddable":true,"href":"https:\/\/thebestantique.com\/et\/wp-json\/wp\/v2\/product_brand?post=14894"},{"taxonomy":"product_cat","embeddable":true,"href":"https:\/\/thebestantique.com\/et\/wp-json\/wp\/v2\/product_cat?post=14894"},{"taxonomy":"product_tag","embeddable":true,"href":"https:\/\/thebestantique.com\/et\/wp-json\/wp\/v2\/product_tag?post=14894"}],"curies":[{"name":"wp","href":"https:\/\/api.w.org\/{rel}","templated":true}]}}