{"id":14869,"date":"2022-12-22T11:05:18","date_gmt":"2022-12-22T09:05:18","guid":{"rendered":"https:\/\/thebestantique.com\/?post_type=product&#038;p=14869"},"modified":"2023-02-08T14:30:59","modified_gmt":"2023-02-08T12:30:59","slug":"an-ultra-rare-brass-samovar-with-other-system-than-usual","status":"publish","type":"product","link":"https:\/\/thebestantique.com\/et\/product\/an-ultra-rare-brass-samovar-with-other-system-than-usual\/","title":{"rendered":"\u00dcliharuldane messingist samovar tavap\u00e4rasest erineva s\u00fcsteemiga"},"content":{"rendered":"<p>\u00dcliharuldane messingist samovar tavap\u00e4rasest erineva s\u00fcsteemiga. PARICKO, SAHDAT BROTHERS, TULA valmistajam\u00e4rk. Kas on ka iraaklane? tempel. 19. sajand.<\/p>\n<p>&nbsp;<\/p>\n<blockquote><p>K\u00f5rgus koos toruga: 53\u00a0 cm.<\/p>\n<p>K\u00f5rgus ilma toruta: 39.5 cm.<\/p><\/blockquote>\n<p><\/p>","protected":false},"excerpt":{"rendered":"<p>\u00dcliharuldane messingist samovar tavap\u00e4rasest erineva s\u00fcsteemiga. PARICKO, SAHDAT BROTHERS, TULA valmistajam\u00e4rk. Kas on ka iraaklane? tempel. 19. sajand. &nbsp; K\u00f5rgus koos toruga: 53\u00a0 cm. K\u00f5rgus ilma toruta: 39.5 cm.<\/p>\n","protected":false},"featured_media":14870,"comment_status":"closed","ping_status":"closed","template":"","meta":{"_exactmetrics_skip_tracking":false,"_exactmetrics_sitenote_active":false,"_exactmetrics_sitenote_note":"","_exactmetrics_sitenote_category":0,"_uf_show_specific_survey":0,"_uf_disable_surveys":false},"product_brand":[],"product_cat":[421],"product_tag":[],"class_list":{"0":"post-14869","1":"product","2":"type-product","3":"status-publish","4":"has-post-thumbnail","6":"product_cat-sold-items","7":"product_shipping_class-big-item-1500-3000-g","9":"first","10":"outofstock","11":"sold-individually","12":"shipping-taxable","13":"purchasable","14":"product-type-simple"},"aioseo_notices":[],"_links":{"self":[{"href":"https:\/\/thebestantique.com\/et\/wp-json\/wp\/v2\/product\/14869","targetHints":{"allow":["GET"]}}],"collection":[{"href":"https:\/\/thebestantique.com\/et\/wp-json\/wp\/v2\/product"}],"about":[{"href":"https:\/\/thebestantique.com\/et\/wp-json\/wp\/v2\/types\/product"}],"replies":[{"embeddable":true,"href":"https:\/\/thebestantique.com\/et\/wp-json\/wp\/v2\/comments?post=14869"}],"wp:featuredmedia":[{"embeddable":true,"href":"https:\/\/thebestantique.com\/et\/wp-json\/wp\/v2\/media\/14870"}],"wp:attachment":[{"href":"https:\/\/thebestantique.com\/et\/wp-json\/wp\/v2\/media?parent=14869"}],"wp:term":[{"taxonomy":"product_brand","embeddable":true,"href":"https:\/\/thebestantique.com\/et\/wp-json\/wp\/v2\/product_brand?post=14869"},{"taxonomy":"product_cat","embeddable":true,"href":"https:\/\/thebestantique.com\/et\/wp-json\/wp\/v2\/product_cat?post=14869"},{"taxonomy":"product_tag","embeddable":true,"href":"https:\/\/thebestantique.com\/et\/wp-json\/wp\/v2\/product_tag?post=14869"}],"curies":[{"name":"wp","href":"https:\/\/api.w.org\/{rel}","templated":true}]}}