{"id":14801,"date":"2022-12-07T11:14:57","date_gmt":"2022-12-07T09:14:57","guid":{"rendered":"https:\/\/thebestantique.com\/?post_type=product&#038;p=14801"},"modified":"2025-05-29T20:44:44","modified_gmt":"2025-05-29T18:44:44","slug":"a-set-of-six-porcelain-plates-with-a-peasant-children-depiction-by-elizabeth-bem","status":"publish","type":"product","link":"https:\/\/thebestantique.com\/et\/product\/a-set-of-six-porcelain-plates-with-a-peasant-children-depiction-by-elizabeth-bem\/","title":{"rendered":"Kuuest portselantaldrikust koosnev komplekt Elizabeth Bemi talupojalapse kujutisega"},"content":{"rendered":"<p><span class=\"\">Kuuest portselantaldrikust koosnev komplekt talupojalapse kujutisega.\u00a0<\/span>P\u00f5hineb kuulsal Elizabeth Bemi sarjal \u201cSiluetid\u201d.\u00a0Kornilovi portselanivabrik.\u00a0Peterburi, 20. sajandi algus.<\/p>\n<blockquote><p>L\u00e4bim\u00f5\u00f5t: 12,7 cm.<\/p><\/blockquote>\n<p><\/p>","protected":false},"excerpt":{"rendered":"<p>Kuuest portselantaldrikust koosnev komplekt talupojalapse kujutisega.\u00a0P\u00f5hineb kuulsal Elizabeth Bemi sarjal \u201cSiluetid\u201d.\u00a0Kornilovi portselanivabrik.\u00a0Peterburi, 20. sajandi algus. L\u00e4bim\u00f5\u00f5t: 12,7 cm.<\/p>\n","protected":false},"featured_media":14790,"comment_status":"closed","ping_status":"closed","template":"","meta":{"_exactmetrics_skip_tracking":false,"_exactmetrics_sitenote_active":false,"_exactmetrics_sitenote_note":"","_exactmetrics_sitenote_category":0,"_uf_show_specific_survey":0,"_uf_disable_surveys":false},"product_brand":[],"product_cat":[421],"product_tag":[],"class_list":{"0":"post-14801","1":"product","2":"type-product","3":"status-publish","4":"has-post-thumbnail","6":"product_cat-sold-items","7":"product_shipping_class-average-item-500-1500-g","9":"first","10":"outofstock","11":"sold-individually","12":"shipping-taxable","13":"product-type-simple"},"aioseo_notices":[],"_links":{"self":[{"href":"https:\/\/thebestantique.com\/et\/wp-json\/wp\/v2\/product\/14801","targetHints":{"allow":["GET"]}}],"collection":[{"href":"https:\/\/thebestantique.com\/et\/wp-json\/wp\/v2\/product"}],"about":[{"href":"https:\/\/thebestantique.com\/et\/wp-json\/wp\/v2\/types\/product"}],"replies":[{"embeddable":true,"href":"https:\/\/thebestantique.com\/et\/wp-json\/wp\/v2\/comments?post=14801"}],"wp:featuredmedia":[{"embeddable":true,"href":"https:\/\/thebestantique.com\/et\/wp-json\/wp\/v2\/media\/14790"}],"wp:attachment":[{"href":"https:\/\/thebestantique.com\/et\/wp-json\/wp\/v2\/media?parent=14801"}],"wp:term":[{"taxonomy":"product_brand","embeddable":true,"href":"https:\/\/thebestantique.com\/et\/wp-json\/wp\/v2\/product_brand?post=14801"},{"taxonomy":"product_cat","embeddable":true,"href":"https:\/\/thebestantique.com\/et\/wp-json\/wp\/v2\/product_cat?post=14801"},{"taxonomy":"product_tag","embeddable":true,"href":"https:\/\/thebestantique.com\/et\/wp-json\/wp\/v2\/product_tag?post=14801"}],"curies":[{"name":"wp","href":"https:\/\/api.w.org\/{rel}","templated":true}]}}