{"id":14744,"date":"2022-12-06T21:54:14","date_gmt":"2022-12-06T19:54:14","guid":{"rendered":"https:\/\/thebestantique.com\/?post_type=product&#038;p=14744"},"modified":"2022-12-06T21:54:15","modified_gmt":"2022-12-06T19:54:15","slug":"an-unusual-russian-style-handled-silver-gilt-and-cut-crystal-vase-by-gubkin","status":"publish","type":"product","link":"https:\/\/thebestantique.com\/et\/product\/an-unusual-russian-style-handled-silver-gilt-and-cut-crystal-vase-by-gubkin\/","title":{"rendered":"Ebatavaline \u201cvene stiilis\u201d k\u00e4epidemega h\u00f5be-kullatud ja l\u00f5igatud kristallist vaas, autor Gubkin"},"content":{"rendered":"<p>Ebatavaline \u201cVene stiilis\u201d k\u00e4epidemega h\u00f5be-kullatud ja l\u00f5igatud kristallist vaas \u201cIzba\u201d kujuga.\u00a0M\u00e4rgitud Gubkin kirillitsas ja Imperial Warrant.\u00a0<span class=\"goog-text-highlight\">Moskva, 1874. <\/span><\/p>\n<blockquote><p><span class=\"goog-text-highlight\">K\u00f5rgus: 12,8 \u0441\u043c.<\/span><\/p><\/blockquote>\n<p><\/p>","protected":false},"excerpt":{"rendered":"<p>Ebatavaline \u201cVene stiilis\u201d k\u00e4epidemega h\u00f5be-kullatud ja l\u00f5igatud kristallist vaas \u201cIzba\u201d kujuga.\u00a0M\u00e4rgitud Gubkin kirillitsas ja Imperial Warrant.\u00a0Moskva, 1874. K\u00f5rgus: 12,8 \u0441\u043c.<\/p>\n","protected":false},"featured_media":14745,"comment_status":"closed","ping_status":"closed","template":"","meta":{"_exactmetrics_skip_tracking":false,"_exactmetrics_sitenote_active":false,"_exactmetrics_sitenote_note":"","_exactmetrics_sitenote_category":0,"_uf_show_specific_survey":0,"_uf_disable_surveys":false},"product_brand":[],"product_cat":[356,220,6],"product_tag":[1806],"class_list":{"0":"post-14744","1":"product","2":"type-product","3":"status-publish","4":"has-post-thumbnail","6":"product_cat-antique-carafes-decatners-and-jars","7":"product_cat-russian-silver","8":"product_cat-silver","9":"product_tag-gubkin","10":"product_shipping_class-free-shipping","12":"first","13":"instock","14":"shipping-taxable","15":"purchasable","16":"product-type-simple"},"aioseo_notices":[],"_links":{"self":[{"href":"https:\/\/thebestantique.com\/et\/wp-json\/wp\/v2\/product\/14744","targetHints":{"allow":["GET"]}}],"collection":[{"href":"https:\/\/thebestantique.com\/et\/wp-json\/wp\/v2\/product"}],"about":[{"href":"https:\/\/thebestantique.com\/et\/wp-json\/wp\/v2\/types\/product"}],"replies":[{"embeddable":true,"href":"https:\/\/thebestantique.com\/et\/wp-json\/wp\/v2\/comments?post=14744"}],"wp:featuredmedia":[{"embeddable":true,"href":"https:\/\/thebestantique.com\/et\/wp-json\/wp\/v2\/media\/14745"}],"wp:attachment":[{"href":"https:\/\/thebestantique.com\/et\/wp-json\/wp\/v2\/media?parent=14744"}],"wp:term":[{"taxonomy":"product_brand","embeddable":true,"href":"https:\/\/thebestantique.com\/et\/wp-json\/wp\/v2\/product_brand?post=14744"},{"taxonomy":"product_cat","embeddable":true,"href":"https:\/\/thebestantique.com\/et\/wp-json\/wp\/v2\/product_cat?post=14744"},{"taxonomy":"product_tag","embeddable":true,"href":"https:\/\/thebestantique.com\/et\/wp-json\/wp\/v2\/product_tag?post=14744"}],"curies":[{"name":"wp","href":"https:\/\/api.w.org\/{rel}","templated":true}]}}